{"id":214,"date":"2017-09-09T23:02:21","date_gmt":"2017-09-09T23:02:21","guid":{"rendered":"https:\/\/senibor.com\/?page_id=214"},"modified":"2017-09-10T03:15:49","modified_gmt":"2017-09-10T03:15:49","slug":"reference-pre-location","status":"publish","type":"page","link":"https:\/\/senibor.com\/fr\/reference-pre-location\/","title":{"rendered":"R\u00c9F\u00c9RENCE PR\u00c9-LOCATION"},"content":{"rendered":"<div id=\"dslc-content\" class=\"dslc-content dslc-clearfix\"><div id=\"dslc-main\">\r\n\t\t<div  class=\"dslc-modules-section  dslc-full \" style=\"margin-bottom:10px;padding-bottom:0px;padding-top:0px;border-color:rgba(0,0,0,0);\" data-section-id=\"bf611e224b5\">\r\n\t\t\t\t\r\n\t\t\t\t\r\n\t\t\t\t<div class=\"dslc-modules-section-wrapper dslc-clearfix\"><div class=\"dslc-modules-area dslc-col dslc-12-col dslc-last-col\" data-size=\"12\" data-valign=\"\">\r\n\t\t<div id=\"dslc-module-f17acbf6517\" class=\"dslc-module-front dslc-module-DSLC_Text_Simple dslc-in-viewport-check dslc-in-viewport-anim-none  dslc-col dslc-12-col dslc-last-col  dslc-module-handle-like-regular \" data-module-id=\"f17acbf6517\" data-module=\"DSLC_Text_Simple\" data-dslc-module-size=\"12\" data-dslc-anim=\"none\" data-dslc-anim-delay=\"\" data-dslc-anim-duration=\"650\"  data-dslc-anim-easing=\"ease\" data-dslc-preset=\"none\" >\r\n\r\n\t\t\t\r\n\t\t\t\r\n\t\t\r\n\t\t<div class=\"dslc-text-module-content\">\r\n\t\t\t<h1>Obtenez un rapport de r\u00e9f\u00e9rence<\/h1>\t\t<\/div>\r\n\r\n\t\t\r\n\t\t\t\t<\/div><!-- .dslc-module -->\r\n\t\t\r\n\t\t<div id=\"dslc-module-4e21bd8cf9d\" class=\"dslc-module-front dslc-module-DSLC_Text_Simple dslc-in-viewport-check dslc-in-viewport-anim-none  dslc-col dslc-12-col dslc-last-col  dslc-module-handle-like-regular \" data-module-id=\"4e21bd8cf9d\" data-module=\"DSLC_Text_Simple\" data-dslc-module-size=\"12\" data-dslc-anim=\"none\" data-dslc-anim-delay=\"\" data-dslc-anim-duration=\"650\"  data-dslc-anim-easing=\"ease\" data-dslc-preset=\"none\" >\r\n\r\n\t\t\t\r\n\t\t\t\r\n\t\t\r\n\t\t<div class=\"dslc-text-module-content\">\r\n\t\t\t<h2>Vous avez besoin de r\u00e9f\u00e9rences sur un futur locataire ?\u00a0<\/h2><p>L'Agence de recouvrement Senibor offre des services d'enqu\u00eate de r\u00e9f\u00e9rences pour vous aider \u00e0 faire des choix \u00e9clair\u00e9s sur vos futurs locataires. Nos sp\u00e9cialistes effectuent des recherches et vous constituent un rapport d\u00e9taill\u00e9. Le rapport comprend notamment :<\/p><ul><li>une v\u00e9rification l\u00e9gale et criminelle<\/li><li>une enqu\u00eate de cr\u00e9dit<\/li><li>des r\u00e9f\u00e9rences de pr\u00e9c\u00e9dents employeurs ou propri\u00e9taires locatifs ++<\/li><\/ul>\t\t<\/div>\r\n\r\n\t\t\r\n\t\t\t\t<\/div><!-- .dslc-module -->\r\n\t\t<\/div><\/div><\/div>\r\n\t\t<div  class=\"dslc-modules-section \" style=\"padding-bottom:10px;padding-top:10px;background-color:#f9f9f9;\" data-section-id=\"9028711d932\">\r\n\t\t\t\t\r\n\t\t\t\t\r\n\t\t\t\t<div class=\"dslc-modules-section-wrapper dslc-clearfix\"><div class=\"dslc-modules-area dslc-col dslc-12-col dslc-last-col\" data-size=\"12\" data-valign=\"\">\r\n\t\t<div id=\"dslc-module-df55b58ce2d\" class=\"dslc-module-front dslc-module-DSLC_Text_Simple dslc-in-viewport-check dslc-in-viewport-anim-none  dslc-col dslc-12-col dslc-last-col  dslc-module-handle-like-regular \" data-module-id=\"df55b58ce2d\" data-module=\"DSLC_Text_Simple\" data-dslc-module-size=\"12\" data-dslc-anim=\"none\" data-dslc-anim-delay=\"\" data-dslc-anim-duration=\"650\"  data-dslc-anim-easing=\"ease\" data-dslc-preset=\"none\" >\r\n\r\n\t\t\t\r\n\t\t\t\r\n\t\t\r\n\t\t<div class=\"dslc-text-module-content\">\r\n\t\t\t<h2>Soyez pr\u00e9ventif<\/h2><p>\u00c9conomisez votre temps et votre \u00e9nergie. Entourez-vous de gens de confiance. Nos sp\u00e9cialistes vous offrent des services de <a href=\"https:\/\/senibor.com\/enquete-de-credit\/\">enqu\u00eate de cr\u00e9dit <\/a>et de <a href=\"https:\/\/senibor.com\/verification-legale\/\">v\u00e9rification l\u00e9gale<\/a>.<\/p>\t\t<\/div>\r\n\r\n\t\t\r\n\t\t\t\t<\/div><!-- .dslc-module -->\r\n\t\t<\/div><\/div><\/div>\r\n\t\t<div  class=\"dslc-modules-section  dslc-full  dslc-no-columns-spacing \" style=\"margin-bottom:10px;padding-bottom:10px;padding-top:10px;\" data-section-id=\"ef7f911a3d9\">\r\n\t\t\t\t\r\n\t\t\t\t\r\n\t\t\t\t<div class=\"dslc-modules-section-wrapper dslc-clearfix\"><div class=\"dslc-modules-area dslc-col dslc-12-col dslc-last-col\" data-size=\"12\" data-valign=\"\">\r\n\t\t<div id=\"dslc-module-9b888a4be86\" class=\"dslc-module-front dslc-module-DSLC_Separator dslc-in-viewport-check dslc-in-viewport-anim-none  dslc-col dslc-12-col dslc-last-col  dslc-module-handle-like-regular \" data-module-id=\"9b888a4be86\" data-module=\"DSLC_Separator\" data-dslc-module-size=\"12\" data-dslc-anim=\"none\" data-dslc-anim-delay=\"0\" data-dslc-anim-duration=\"650\"  data-dslc-anim-easing=\"ease\" data-dslc-preset=\"none\" >\r\n\r\n\t\t\t\r\n\t\t\t\r\n\t\t\t\t\t<div class=\"dslc-separator-wrapper\">\r\n\t\t\t\t<div class=\"dslc-separator dslc-separator-style-invisible\">\r\n\t\t\t\t\t\t\t\t\t<\/div>\r\n\t\t\t\t<div><\/div>\r\n\t\t\t<\/div><!-- .dslc-separator-wrapper -->\r\n\t\t\t\r\n\t\t\t\t<\/div><!-- .dslc-module -->\r\n\t\t\r\n\t\t<div id=\"dslc-module-0a3e259b743\" class=\"dslc-module-front dslc-module-DSLC_Accordion dslc-in-viewport-check dslc-in-viewport-anim-none  dslc-col dslc-12-col dslc-last-col  dslc-module-handle-like-accordion \" data-module-id=\"0a3e259b743\" data-module=\"DSLC_Accordion\" data-dslc-module-size=\"12\" data-dslc-anim=\"none\" data-dslc-anim-delay=\"\" data-dslc-anim-duration=\"650\"  data-dslc-anim-easing=\"ease\" data-dslc-preset=\"none\" >\r\n\r\n\t\t\t\r\n\t\t\t\r\n\t\t\r\n\t\t\t\t<div class=\"dslc-accordion\" data-open=\"1\">\r\n\r\n\t\t\t\t\t\r\n\t\t\t\t\t\t\r\n\t\t\t\t\t\t\t<div class=\"dslc-accordion-item\" id=\"accordion-0\">\r\n\r\n\t\t\t\t\t\t\t\t<div class=\"dslc-accordion-header dslc-accordion-hook\">\r\n\t\t\t\t\t\t\t\t\t<span class=\"dslc-accordion-title\" >AUCUN FRAIS CACH\u00c9  <\/span>\r\n\t\t\t\t\t\t\t\t\t\t\t\t\t\t\t\t\t\t\t\t\t\t\t\t\t\t\t\t<div class=\"dslca-accordion-action-hooks\">\r\n\t\t\t\t\t\t\t\t\t\t\t<span class=\"dslca-toggle-accordion-hook\"><span class=\"dslca-icon dslc-icon-minus\"><\/span><\/span>\r\n\t\t\t\t\t\t\t\t\t\t<\/div>\r\n\t\t\t\t\t\t\t\t\t\t\t\t\t\t\t\t\t<\/div>\r\n\r\n\t\t\t\t\t\t\t\t<div class=\"dslc-accordion-content\">\r\n\t\t\t\t\t\t\t\t\t<div class=\"dslca-editable-content\">\r\n\t\t\t\t\t\t\t\t\t\t<p>Notre \u00e9quipe agit en toute transparence et en conformit\u00e9 avec la loi. Nous appliquons une grande rigueur, honn\u00eatet\u00e9 et int\u00e9grit\u00e9 dans le traitement des dossiers.\u00a0<\/p> \t\t\t\t\t\t\t\t\t<\/div>\r\n\t\t\t\t\t\t\t\t\t\t\t\t\t\t\t\t\t<\/div><!-- .dslc-accordion-content -->\r\n\r\n\t\t\t\t\t\t\t<\/div><!-- .dslc-accordion-item -->\r\n\r\n\t\t\t\t\t\t\r\n\t\t\t\t\t\t\t<div class=\"dslc-accordion-item\" id=\"accordion-1\">\r\n\r\n\t\t\t\t\t\t\t\t<div class=\"dslc-accordion-header dslc-accordion-hook\">\r\n\t\t\t\t\t\t\t\t\t<span class=\"dslc-accordion-title\" >  EN TOUTE DISCR\u00c9TION<\/span>\r\n\t\t\t\t\t\t\t\t\t\t\t\t\t\t\t\t\t\t\t\t\t\t\t\t\t\t\t\t<div class=\"dslca-accordion-action-hooks\">\r\n\t\t\t\t\t\t\t\t\t\t\t<span class=\"dslca-toggle-accordion-hook\"><span class=\"dslca-icon dslc-icon-minus\"><\/span><\/span>\r\n\t\t\t\t\t\t\t\t\t\t<\/div>\r\n\t\t\t\t\t\t\t\t\t\t\t\t\t\t\t\t\t<\/div>\r\n\r\n\t\t\t\t\t\t\t\t<div class=\"dslc-accordion-content\">\r\n\t\t\t\t\t\t\t\t\t<div class=\"dslca-editable-content\">\r\n\t\t\t\t\t\t\t\t\t\t <p>Nos sp\u00e9cialistes travaillent en toute discr\u00e9tion et respect avec autrui. Nous comprenons que vous d\u00e9sirez agir sans alerter les personnes concern\u00e9es et nous agissons en ce sens.<\/p>\t\t\t\t\t\t\t\t\t<\/div>\r\n\t\t\t\t\t\t\t\t\t\t\t\t\t\t\t\t\t<\/div><!-- .dslc-accordion-content -->\r\n\r\n\t\t\t\t\t\t\t<\/div><!-- .dslc-accordion-item -->\r\n\r\n\t\t\t\t\t\t\r\n\t\t\t\t\t\r\n\t\t\t\t\t\r\n\t\t\t\t<\/div><!-- .dslc-accordion -->\r\n\r\n\t\t\r\n\t\t\t\t<\/div><!-- .dslc-module -->\r\n\t\t\r\n\t\t<div id=\"dslc-module-ceb5d02e220\" class=\"dslc-module-front dslc-module-DSLC_Separator dslc-in-viewport-check dslc-in-viewport-anim-none  dslc-col dslc-12-col dslc-last-col  dslc-module-handle-like-regular \" data-module-id=\"ceb5d02e220\" data-module=\"DSLC_Separator\" data-dslc-module-size=\"12\" data-dslc-anim=\"none\" data-dslc-anim-delay=\"0\" data-dslc-anim-duration=\"650\"  data-dslc-anim-easing=\"ease\" data-dslc-preset=\"none\" >\r\n\r\n\t\t\t\r\n\t\t\t\r\n\t\t\t\t\t<div class=\"dslc-separator-wrapper\">\r\n\t\t\t\t<div class=\"dslc-separator dslc-separator-style-invisible\">\r\n\t\t\t\t\t\t\t\t\t<\/div>\r\n\t\t\t\t<div><\/div>\r\n\t\t\t<\/div><!-- .dslc-separator-wrapper -->\r\n\t\t\t\r\n\t\t\t\t<\/div><!-- .dslc-module -->\r\n\t\t<\/div><\/div><\/div>\r\n\t\t<div  class=\"dslc-modules-section \" style=\"background-color:#f9f9f9;\" data-section-id=\"f660bd77e25\">\r\n\t\t\t\t\r\n\t\t\t\t\r\n\t\t\t\t<div class=\"dslc-modules-section-wrapper dslc-clearfix\"><div class=\"dslc-modules-area dslc-col dslc-12-col dslc-last-col\" data-size=\"12\" data-valign=\"\">\r\n\t\t<div id=\"dslc-module-558c7171fdd\" class=\"dslc-module-front dslc-module-DSLC_Info_Box dslc-in-viewport-check dslc-in-viewport-anim-none  dslc-col dslc-12-col dslc-last-col  dslc-module-handle-like-regular \" data-module-id=\"558c7171fdd\" data-module=\"DSLC_Info_Box\" data-dslc-module-size=\"12\" data-dslc-anim=\"none\" data-dslc-anim-delay=\"\" data-dslc-anim-duration=\"650\"  data-dslc-anim-easing=\"ease\" data-dslc-preset=\"none\" >\r\n\r\n\t\t\t\r\n\t\t\t\r\n\t\t\r\n\t\t\t<div class=\"dslc-info-box dslc-info-box-icon-pos-above dslc-info-box-image-pos-above\">\r\n\r\n\t\t\t\t<div class=\"dslc-info-box-wrapper\">\r\n\r\n\t\t\t\t\t\r\n\t\t\t\t\t<div class=\"dslc-info-box-main-wrap dslc-clearfix\">\r\n\r\n\t\t\t\t\t\t\t\t\t\t\t\t\t<div class=\"dslc-info-box-image\">\r\n\t\t\t\t\t\t\t\t<div class=\"dslc-info-box-image-inner\">\r\n\t\t\t\t\t\t\t\t\t\t\t\t\t\t\t\t\t\t\t<span class=\"dslc-icon dslc-icon-check\"><\/span>\r\n\t\t\t\t\t\t\t\t\t\t\t\t\t\t\t\t\t\t\t\t\t\t\t\t\t\t<\/div><!-- .dslc-info-box-image-inner -->\r\n\t\t\t\t\t\t\t<\/div><!-- .dslc-info-box-image -->\r\n\t\t\t\t\t\t\r\n\t\t\t\t\t\t\r\n\t\t\t\t\t\t<div class=\"dslc-info-box-main\">\r\n\r\n\t\t\t\t\t\t\t\t\t\t\t\t\t\t\t<div class=\"dslc-info-box-title\">\r\n\t\t\t\t\t\t\t\t\t\t\t\t\t\t\t\t\t\t\t\t\t\t\t\t\t\t\t\t\t\t<h4 >DEMANDE DE SERVICE\u00a0<\/h4>\r\n\t\t\t\t\t\t\t\t\t\t\t\t\t\t\t\t\t\t\t\t\t\t\t\t\t\t\t<\/div><!-- .dslc-info-box-title -->\r\n\t\t\t\t\t\t\t\r\n\t\t\t\t\t\t\t\t\t\t\t\t\t\t\t<div class=\"dslc-info-box-content\">\r\n\t\t\t\t\t\t\t\t\t\t\t\t\t\t\t\t\t\t\t<p>Remplissez une nouvelle demande de service pour le traitement d'une transaction en mauvaise cr\u00e9ance.\u00a0<\/p>\t\t\t\t\t\t\t\t\t\t\t\t\t\t\t\t\t<\/div><!-- .dslc-info-box-content -->\r\n\t\t\t\t\t\t\t\r\n\t\t\t\t\t\t\t\r\n\t\t\t\t\t\t<\/div><!-- .dslc-info-box-main -->\r\n\r\n\t\t\t\t\t<\/div><!-- .dslc-info-box-main-wrap -->\r\n\r\n\t\t\t\t<\/div><!-- .dslc-info-box-wrapper -->\r\n\r\n\t\t\t<\/div><!-- .dslc-info-box -->\r\n\r\n\t\t\r\n\t\t\t\t<\/div><!-- .dslc-module -->\r\n\t\t\r\n\t\t<div id=\"dslc-module-709b4dbd496\" class=\"dslc-module-front dslc-module-DSLC_Shortcode dslc-in-viewport-check dslc-in-viewport-anim-none  dslc-col dslc-12-col dslc-last-col  dslc-module-handle-like-regular \" data-module-id=\"709b4dbd496\" data-module=\"DSLC_Shortcode\" data-dslc-module-size=\"12\" data-dslc-anim=\"none\" data-dslc-anim-delay=\"\" data-dslc-anim-duration=\"650\"  data-dslc-anim-easing=\"ease\" data-dslc-preset=\"none\" >\r\n\r\n\t\t\t\r\n\t\t\t\r\n\t\t\t\t<div class=\"dslc-module-shortcode\">\r\n\t\t\t\n<div class=\"wpcf7 no-js\" id=\"wpcf7-f9-o1\" lang=\"en\" dir=\"ltr\">\n<div class=\"screen-reader-response\"><p role=\"status\" aria-live=\"polite\" aria-atomic=\"true\"><\/p> <ul><\/ul><\/div>\n<form action=\"\/fr\/wp-json\/wp\/v2\/pages\/214#wpcf7-f9-o1\" method=\"post\" class=\"wpcf7-form init\" aria-label=\"Formulaire de contact\" novalidate=\"novalidate\" data-status=\"init\">\n<div style=\"display: none;\">\n<input type=\"hidden\" name=\"_wpcf7\" value=\"9\" \/>\n<input type=\"hidden\" name=\"_wpcf7_version\" value=\"5.9.8\" \/>\n<input type=\"hidden\" name=\"_wpcf7_locale\" value=\"en\" \/>\n<input type=\"hidden\" name=\"_wpcf7_unit_tag\" value=\"wpcf7-f9-o1\" \/>\n<input type=\"hidden\" name=\"_wpcf7_container_post\" value=\"0\" \/>\n<input type=\"hidden\" name=\"_wpcf7_posted_data_hash\" value=\"\" \/>\n<\/div>\n<p><label> NOM<br \/>\n<span class=\"wpcf7-form-control-wrap\" data-name=\"your-name\"><input size=\"40\" maxlength=\"400\" class=\"wpcf7-form-control wpcf7-text wpcf7-validates-as-required\" aria-required=\"true\" aria-invalid=\"false\" value=\"\" type=\"text\" name=\"your-name\" \/><\/span> <\/label>\n<\/p>\n<p><label> EMAIL<br \/>\n<span class=\"wpcf7-form-control-wrap\" data-name=\"your-email\"><input size=\"40\" maxlength=\"400\" class=\"wpcf7-form-control wpcf7-email wpcf7-validates-as-required wpcf7-text wpcf7-validates-as-email\" aria-required=\"true\" aria-invalid=\"false\" value=\"\" type=\"email\" name=\"your-email\" \/><\/span> <\/label>\n<\/p>\n<p><label> SUJET<br \/>\n<span class=\"wpcf7-form-control-wrap\" data-name=\"your-subject\"><input size=\"40\" maxlength=\"400\" class=\"wpcf7-form-control wpcf7-text\" aria-invalid=\"false\" value=\"\" type=\"text\" name=\"your-subject\" \/><\/span> <\/label>\n<\/p>\n<p><label> MESSAGE<br \/>\n<span class=\"wpcf7-form-control-wrap\" data-name=\"your-message\"><textarea cols=\"40\" rows=\"10\" maxlength=\"2000\" class=\"wpcf7-form-control wpcf7-textarea\" aria-invalid=\"false\" name=\"your-message\"><\/textarea><\/span> <\/label>\n<\/p>\n<p><input class=\"wpcf7-form-control wpcf7-submit has-spinner\" type=\"submit\" value=\"ENVOYER\" \/>\n<\/p><div class=\"wpcf7-response-output\" aria-hidden=\"true\"><\/div>\n<\/form>\n<\/div>\n\t\t<\/div>\r\n\t\t\r\n\t\t\t\t<\/div><!-- .dslc-module -->\r\n\t\t<\/div><\/div><\/div><\/div><\/div>","protected":false},"excerpt":{"rendered":"<p>Obtenez un rapport de r\u00e9f\u00e9rence Vous avez besoin de r\u00e9f\u00e9rences sur un futur locataire ?\u00a0L&rsquo;Agence de recouvrement Senibor offre des services d&rsquo;enqu\u00eate de r\u00e9f\u00e9rences pour vous aider \u00e0 faire des choix \u00e9clair\u00e9s sur vos futurs locataires. Nos sp\u00e9cialistes effectuent des recherches et vous constituent un rapport d\u00e9taill\u00e9. Le rapport comprend notamment :une v\u00e9rification l\u00e9gale et [&hellip;]<\/p>\n","protected":false},"author":1,"featured_media":0,"parent":0,"menu_order":0,"comment_status":"closed","ping_status":"closed","template":"","meta":{"footnotes":""},"class_list":["post-214","page","type-page","status-publish","hentry"],"yoast_head":"<!-- This site is optimized with the Yoast SEO plugin v23.1 - https:\/\/yoast.com\/wordpress\/plugins\/seo\/ -->\n<title>R\u00c9F\u00c9RENCE PR\u00c9-LOCATION - AGENCE DE RECOUVREMENT<\/title>\n<meta name=\"robots\" content=\"index, follow, max-snippet:-1, max-image-preview:large, max-video-preview:-1\" \/>\n<link rel=\"canonical\" href=\"https:\/\/senibor.com\/pre-rental-references\/\" \/>\n<meta property=\"og:locale\" content=\"fr_FR\" \/>\n<meta property=\"og:type\" content=\"article\" \/>\n<meta property=\"og:title\" content=\"R\u00c9F\u00c9RENCE PR\u00c9-LOCATION - AGENCE DE RECOUVREMENT\" \/>\n<meta property=\"og:description\" content=\"Obtenez un rapport de r\u00e9f\u00e9rence Vous avez besoin de r\u00e9f\u00e9rences sur un futur locataire ?\u00a0L&#039;Agence de recouvrement Senibor offre des services d&#039;enqu\u00eate de r\u00e9f\u00e9rences pour vous aider \u00e0 faire des choix \u00e9clair\u00e9s sur vos futurs locataires. Nos sp\u00e9cialistes effectuent des recherches et vous constituent un rapport d\u00e9taill\u00e9. Le rapport comprend notamment :une v\u00e9rification l\u00e9gale et [&hellip;]\" \/>\n<meta property=\"og:url\" content=\"https:\/\/senibor.com\/pre-rental-references\/\" \/>\n<meta property=\"og:site_name\" content=\"AGENCE DE RECOUVREMENT\" \/>\n<meta property=\"article:modified_time\" content=\"2017-09-10T03:15:49+00:00\" \/>\n<meta name=\"twitter:card\" content=\"summary_large_image\" \/>\n<script type=\"application\/ld+json\" class=\"yoast-schema-graph\">{\"@context\":\"https:\/\/schema.org\",\"@graph\":[{\"@type\":\"WebPage\",\"@id\":\"https:\/\/senibor.com\/pre-rental-references\/\",\"url\":\"https:\/\/senibor.com\/pre-rental-references\/\",\"name\":\"R\u00c9F\u00c9RENCE PR\u00c9-LOCATION - AGENCE DE RECOUVREMENT\",\"isPartOf\":{\"@id\":\"https:\/\/senibor.com\/#website\"},\"datePublished\":\"2017-09-09T23:02:21+00:00\",\"dateModified\":\"2017-09-10T03:15:49+00:00\",\"breadcrumb\":{\"@id\":\"https:\/\/senibor.com\/pre-rental-references\/#breadcrumb\"},\"inLanguage\":\"fr-FR\",\"potentialAction\":[{\"@type\":\"ReadAction\",\"target\":[\"https:\/\/senibor.com\/pre-rental-references\/\"]}]},{\"@type\":\"BreadcrumbList\",\"@id\":\"https:\/\/senibor.com\/pre-rental-references\/#breadcrumb\",\"itemListElement\":[{\"@type\":\"ListItem\",\"position\":1,\"name\":\"Home\",\"item\":\"https:\/\/senibor.com\/fr\/\"},{\"@type\":\"ListItem\",\"position\":2,\"name\":\"R\u00c9F\u00c9RENCE PR\u00c9-LOCATION\"}]},{\"@type\":\"WebSite\",\"@id\":\"https:\/\/senibor.com\/#website\",\"url\":\"https:\/\/senibor.com\/\",\"name\":\"AGENCE DE RECOUVREMENT\",\"description\":\"Debt Recovery, Background Credit Check, Legal Verification..\",\"publisher\":{\"@id\":\"https:\/\/senibor.com\/#organization\"},\"potentialAction\":[{\"@type\":\"SearchAction\",\"target\":{\"@type\":\"EntryPoint\",\"urlTemplate\":\"https:\/\/senibor.com\/?s={search_term_string}\"},\"query-input\":\"required name=search_term_string\"}],\"inLanguage\":\"fr-FR\"},{\"@type\":\"Organization\",\"@id\":\"https:\/\/senibor.com\/#organization\",\"name\":\"AGENCE DE RECOUVREMENT\",\"url\":\"https:\/\/senibor.com\/\",\"logo\":{\"@type\":\"ImageObject\",\"inLanguage\":\"fr-FR\",\"@id\":\"https:\/\/senibor.com\/#\/schema\/logo\/image\/\",\"url\":\"https:\/\/senibor.com\/wp-content\/uploads\/2017\/10\/cropped-SENIBOR-2-1.png\",\"contentUrl\":\"https:\/\/senibor.com\/wp-content\/uploads\/2017\/10\/cropped-SENIBOR-2-1.png\",\"width\":225,\"height\":75,\"caption\":\"AGENCE DE RECOUVREMENT\"},\"image\":{\"@id\":\"https:\/\/senibor.com\/#\/schema\/logo\/image\/\"}}]}<\/script>\n<!-- \/ Yoast SEO plugin. -->","yoast_head_json":{"title":"R\u00c9F\u00c9RENCE PR\u00c9-LOCATION - AGENCE DE RECOUVREMENT","robots":{"index":"index","follow":"follow","max-snippet":"max-snippet:-1","max-image-preview":"max-image-preview:large","max-video-preview":"max-video-preview:-1"},"canonical":"https:\/\/senibor.com\/pre-rental-references\/","og_locale":"fr_FR","og_type":"article","og_title":"R\u00c9F\u00c9RENCE PR\u00c9-LOCATION - AGENCE DE RECOUVREMENT","og_description":"Obtenez un rapport de r\u00e9f\u00e9rence Vous avez besoin de r\u00e9f\u00e9rences sur un futur locataire ?\u00a0L'Agence de recouvrement Senibor offre des services d'enqu\u00eate de r\u00e9f\u00e9rences pour vous aider \u00e0 faire des choix \u00e9clair\u00e9s sur vos futurs locataires. Nos sp\u00e9cialistes effectuent des recherches et vous constituent un rapport d\u00e9taill\u00e9. Le rapport comprend notamment :une v\u00e9rification l\u00e9gale et [&hellip;]","og_url":"https:\/\/senibor.com\/pre-rental-references\/","og_site_name":"AGENCE DE RECOUVREMENT","article_modified_time":"2017-09-10T03:15:49+00:00","twitter_card":"summary_large_image","schema":{"@context":"https:\/\/schema.org","@graph":[{"@type":"WebPage","@id":"https:\/\/senibor.com\/pre-rental-references\/","url":"https:\/\/senibor.com\/pre-rental-references\/","name":"R\u00c9F\u00c9RENCE PR\u00c9-LOCATION - AGENCE DE RECOUVREMENT","isPartOf":{"@id":"https:\/\/senibor.com\/#website"},"datePublished":"2017-09-09T23:02:21+00:00","dateModified":"2017-09-10T03:15:49+00:00","breadcrumb":{"@id":"https:\/\/senibor.com\/pre-rental-references\/#breadcrumb"},"inLanguage":"fr-FR","potentialAction":[{"@type":"ReadAction","target":["https:\/\/senibor.com\/pre-rental-references\/"]}]},{"@type":"BreadcrumbList","@id":"https:\/\/senibor.com\/pre-rental-references\/#breadcrumb","itemListElement":[{"@type":"ListItem","position":1,"name":"Home","item":"https:\/\/senibor.com\/fr\/"},{"@type":"ListItem","position":2,"name":"R\u00c9F\u00c9RENCE PR\u00c9-LOCATION"}]},{"@type":"WebSite","@id":"https:\/\/senibor.com\/#website","url":"https:\/\/senibor.com\/","name":"AGENCE DE RECOUVREMENT","description":"Debt Recovery, Background Credit Check, Legal Verification..","publisher":{"@id":"https:\/\/senibor.com\/#organization"},"potentialAction":[{"@type":"SearchAction","target":{"@type":"EntryPoint","urlTemplate":"https:\/\/senibor.com\/?s={search_term_string}"},"query-input":"required name=search_term_string"}],"inLanguage":"fr-FR"},{"@type":"Organization","@id":"https:\/\/senibor.com\/#organization","name":"AGENCE DE RECOUVREMENT","url":"https:\/\/senibor.com\/","logo":{"@type":"ImageObject","inLanguage":"fr-FR","@id":"https:\/\/senibor.com\/#\/schema\/logo\/image\/","url":"https:\/\/senibor.com\/wp-content\/uploads\/2017\/10\/cropped-SENIBOR-2-1.png","contentUrl":"https:\/\/senibor.com\/wp-content\/uploads\/2017\/10\/cropped-SENIBOR-2-1.png","width":225,"height":75,"caption":"AGENCE DE RECOUVREMENT"},"image":{"@id":"https:\/\/senibor.com\/#\/schema\/logo\/image\/"}}]}},"_links":{"self":[{"href":"https:\/\/senibor.com\/fr\/wp-json\/wp\/v2\/pages\/214"}],"collection":[{"href":"https:\/\/senibor.com\/fr\/wp-json\/wp\/v2\/pages"}],"about":[{"href":"https:\/\/senibor.com\/fr\/wp-json\/wp\/v2\/types\/page"}],"author":[{"embeddable":true,"href":"https:\/\/senibor.com\/fr\/wp-json\/wp\/v2\/users\/1"}],"replies":[{"embeddable":true,"href":"https:\/\/senibor.com\/fr\/wp-json\/wp\/v2\/comments?post=214"}],"version-history":[{"count":2,"href":"https:\/\/senibor.com\/fr\/wp-json\/wp\/v2\/pages\/214\/revisions"}],"predecessor-version":[{"id":253,"href":"https:\/\/senibor.com\/fr\/wp-json\/wp\/v2\/pages\/214\/revisions\/253"}],"wp:attachment":[{"href":"https:\/\/senibor.com\/fr\/wp-json\/wp\/v2\/media?parent=214"}],"curies":[{"name":"wp","href":"https:\/\/api.w.org\/{rel}","templated":true}]}}