{"id":254,"date":"2017-09-10T04:35:40","date_gmt":"2017-09-10T04:35:40","guid":{"rendered":"https:\/\/senibor.com\/?page_id=254"},"modified":"2018-03-29T10:19:19","modified_gmt":"2018-03-29T10:19:19","slug":"termes-et-conditions","status":"publish","type":"page","link":"https:\/\/senibor.com\/fr\/termes-et-conditions\/","title":{"rendered":"Termes et conditions"},"content":{"rendered":"<div id=\"dslc-theme-content\"><div id=\"dslc-theme-content-inner\"><div class=\"wpb_column vc_column_container vc_col-sm-6\">\n<div class=\"vc_column-inner \">\n<div class=\"wpb_wrapper\">\n<div class=\"wpb_text_column wpb_content_element \">\n<div class=\"wpb_wrapper\">\n<h3>D\u00e9finitions<\/h3>\n<p>&nbsp;<\/p>\n<p><b>TERMES ET CONDITIONS\u00a0<\/b>Cette pr\u00e9sente page pr\u00e9sente les termes et conditions g\u00e9n\u00e9rales\u00a0qui s\u2019appliquent\u00a0\u00e0 tout achat en ligne de produits et services de Senibor. Veuillez prendre notre que des modalit\u00e9s\u00a0additionnelles peuvent s\u2019ajouter selon le produit ou le service sp\u00e9cifique achet\u00e9. Il est de la responsabilit\u00e9 de l\u2019acheteur de lire et comprendre les termes et conditions g\u00e9n\u00e9rales ainsi que les modalit\u00e9s additionnelles applicables.<\/p>\n<p><b>SENIBOR\u00a0<\/b>est utilis\u00e9 pour repr\u00e9senter l\u2019identit\u00e9 de l\u2019entreprise et de ses employ\u00e9s. Senibor est une agence de recouvrement sp\u00e9cialis\u00e9e en service d&rsquo;enqu\u00eates, de v\u00e9rifications, de r\u00e9f\u00e9rences et de gestion des comptes en mauvaise cr\u00e9ance.<\/p>\n<p><strong>ACHETEUR<\/strong>\u00a0d\u00e9signe le client qui se procure un service par l\u2019entremise d&rsquo;un formulaire de demande de service, d&rsquo;une soumission ou de la plateforme d&rsquo;achat en ligne.<\/p>\n<p><strong>ACHAT EN LIGNE<\/strong>\u00a0d\u00e9finit toute d\u00e9pense encourue par l\u2019acquisition d\u2019un service \u00e0 l\u2019aide de la plateforme d&rsquo;achat en ligne. Un achat en ligne est consid\u00e9r\u00e9 compl\u00e9t\u00e9 si le paiement a \u00e9t\u00e9 pr\u00e9lev\u00e9 par Senibor. Senibor se r\u00e9serve le droit d\u2019annuler ou de modifier tout achat en ligne. Si tel est le cas, l\u2019acheteur en sera inform\u00e9. Aucun frais suppl\u00e9mentaire ne sera pr\u00e9lev\u00e9 sur la carte de cr\u00e9dit de l\u2019acheteur sans autorisation pr\u00e9alable si ce montant d\u00e9passe le montant pr\u00e9vu initial lors de l\u2019achat en ligne.<\/p>\n<p>&nbsp;<\/p>\n<\/div>\n<\/div>\n<div class=\"wpb_text_column wpb_content_element \">\n<div class=\"wpb_wrapper\">\n<h3>Modalit\u00e9s de paiement et de facturation<\/h3>\n<p>&nbsp;<\/p>\n<p><strong>MODES DE PAIEMENT<\/strong>\u00a0Senibor accepte les modes de paiement suivants : virement bancaire et paiement par carte de cr\u00e9dit.<\/p>\n<p><strong>CONDITIONS D\u2019ACHAT<\/strong>\u00a0Les frais de service indiqu\u00e9s sont en dollars canadiens, sont valides \u00e0 la signature de l\u2019entente et sont sujets \u00e0 r\u00e9vision sans pr\u00e9avis. Les modes de paiement, les co\u00fbts et les conditions d\u2019achat de services sont assujettis aux restrictions applicables par Senibor.<\/p>\n<p><strong>FACTURATION<\/strong>\u00a0Senibor facture l\u2019acheteur selon les frais initialement pr\u00e9vus lors de l\u2019achat. La facture peut \u00eatre r\u00e9vis\u00e9e \u00e0 la hausse s\u2019il y a des ajouts de services tel qu&rsquo;un changement de terme de paiement, d&rsquo;une prolongation des d\u00e9lais ou d&rsquo;une autre modification s\u2019il y a lieu.<\/p>\n<p><strong>D\u00c9P\u00d4T<\/strong>\u00a0En cas de d\u00e9p\u00f4t pour certains services. Tout d\u00e9p\u00f4t est non remboursable en cas d\u2019annulation et non transf\u00e9rable \u00e0 une tierce personne, \u00e0 un autre utilisation du service, \u00e0 une autre p\u00e9riode d\u2019achat ou \u00e0 un\u00a0autre client.<\/p>\n<p><strong>PAIEMENT \u00c0 MULTIPLES VERSEMENTS<\/strong>\u00a0Si l\u2019acheteur a re\u00e7u une autorisation de paiement \u00e0 multiples versements, la date limite de paiement fournie ainsi que le montant fix\u00e9 par versement devront \u00eatre respect\u00e9s. Pour ce mode de paiement, Senibor privil\u00e9gie les versements par carte de cr\u00e9dit.<\/p>\n<p><strong>PAIEMENT FINAL<\/strong>\u00a0Senibor exige le paiement final de la facture ainsi que l\u2019enti\u00e8ret\u00e9 des frais encourus, 30 jours avant la date d\u2019utilisation du service.<\/p>\n<p><strong>FRAIS DE P\u00c9NALIT\u00c9\u00a0<\/strong>Des frais de p\u00e9nalit\u00e9 peuvent \u00eatre ajout\u00e9s \u00e0 la facture s\u2019il y a lieu. Ces frais font parties int\u00e9grantes de la facturation et s\u2019ajoutent au prix total de la facture.<\/p>\n<p><strong>FRAIS DE CH\u00c8QUE SANS FOND<\/strong>\u00a0Des frais de 25$ en cas de ch\u00e8que NSF peuvent \u00eatre ajout\u00e9s \u00e0 la facture s\u2019il y a lieu. Ces frais font parties int\u00e9grantes de la facturation et s\u2019ajoutent au prix total de la facture.<\/p>\n<p><strong>FRAIS DE RETARD DE PAIEMENT<\/strong>\u00a0Des frais de retard de paiement de 1.5% du prix total de la balance \u00e0 payer peuvent \u00e9galement \u00eatre ajout\u00e9s \u00e0 la facture s\u2019il y a lieu et ce \u00e0 chaque retard de paiement de 15 jours. Ces frais font parties int\u00e9grantes de la facturation et s\u2019ajoutent au prix total de la facture.<\/p>\n<p><strong>EN CAS DE NON PAIEMENT<\/strong>\u00a0Si l\u2019acheteur ne paie pas en totalit\u00e9 les frais factur\u00e9s dans\u00a0les d\u00e9lais prescrits, des services peuvent \u00eatre bloqu\u00e9s, ne pas \u00eatre offerts ou\u00a0\u00eatre consid\u00e9r\u00e9s annul\u00e9s. L\u2019acheteur ne pourra donc pas b\u00e9n\u00e9ficier en totalit\u00e9 des services initialement pr\u00e9vus lors de l\u2019achat.<\/p>\n<\/div>\n<\/div>\n<div class=\"wpb_text_column wpb_content_element \">\n<div class=\"wpb_wrapper\">\n<h3>Responsabilit\u00e9<\/h3>\n<p>&nbsp;<\/p>\n<p><strong>MANDAT DE SENIBOR\u00a0<\/strong>Senibor a pour obligation de transmettre les rapports et le restant de l&rsquo;argent collect\u00e9, variant selon les ententes.<\/p>\n<p><strong>MANDAT DE L\u2019ACHETEUR<\/strong>\u00a0Il est de la responsabilit\u00e9 de l\u2019acheteur de\u00a0: lire, comprendre et consid\u00e9rer les termes et les conditions g\u00e9n\u00e9rales de cette pr\u00e9sente entente et des prestataires de service, d\u2019assumer les risques reli\u00e9s aux autres services, de s\u2019assurer que\u00a0les documents de voyage soient conformes et valides, de se renseigner sur les lois et r\u00e8glements applicables et en vigueur, puis de s\u2019informer et s\u2019adapter aux conditions et aux normes.<\/p>\n<p>&nbsp;<\/p>\n<\/div>\n<\/div>\n<\/div>\n<\/div>\n<\/div>\n<div class=\"wpb_column vc_column_container vc_col-sm-6\">\n<div class=\"vc_column-inner \">\n<div class=\"wpb_wrapper\">\n<div class=\"wpb_text_column wpb_content_element \">\n<div class=\"wpb_wrapper\">\n<h3>Conditions de modification ou d\u2019annulation<\/h3>\n<p>&nbsp;<\/p>\n<p><strong>MENTION DE L\u2019ANNULATION OU DE LA MODIFICATION<\/strong>Toute modification ou annulation doit \u00eatre mentionn\u00e9e par l\u2019acheteur au plus tard \u00e0 la date de confirmation de la soumission sign\u00e9e fournie par Senibor et est consid\u00e9r\u00e9e seulement \u00e0 l\u2019obtention d\u2019une confirmation de r\u00e9ception transmise par Senibor.<\/p>\n<p><strong>RESPONSABILIT\u00c9 DE L\u2019ACHETEUR\u00a0<\/strong>Toute modification ou annulation peuvent entra\u00eener des p\u00e9nalit\u00e9s dont seul l\u2019acheteur a pour responsabilit\u00e9 d\u2019assumer la totalit\u00e9 des frais encourus.<\/p>\n<p><strong>PRODUITS OU SERVICES NON UTILIS\u00c9S<\/strong>\u00a0Aucun remboursement ne sera accord\u00e9 pour les services non utilis\u00e9s.<\/p>\n<p><strong>ANNULATION PAR L\u2019ACHETEUR<\/strong>\u00a0En cas d\u2019annulation, les frais de services\u00a0et\u00a0les d\u00e9p\u00f4ts ne sont pas remboursables. Les frais de p\u00e9nalit\u00e9, de ch\u00e8que sans fond ou de retard de paiement factur\u00e9s ou d\u00e9coulant de cette annulation ne sont pas remboursables. Les autres frais factur\u00e9s sont remboursables uniquement si les termes et conditions sp\u00e9cifiques des produits et services le permettent. Dans le cas contraire, Senibor ne pourra pas rembourser les frais. Par exemple, il se peut qu\u2019en cas d\u2019annulation\u00a0d\u2019un service aupr\u00e8s d\u2019un partenaire ou fournisseur, la politique d\u2019annulation exige un paiement minimum ou du total des frais encourus et ne peuvent \u00eatre rembours\u00e9s.<\/p>\n<p><strong>ANNULATION PAR SENIBOR <\/strong>Senibor se r\u00e9serve le droit de modifier ou annuler un produit ou service. Si tel est le cas, l\u2019acheteur en sera inform\u00e9.<\/p>\n<p><strong>ANNULATION PAR UN PARTENAIRE OU FOURNISSEUR<\/strong>En cas d\u2019annulation d\u2019une prestation, d\u2019un produit ou d\u2019un service offert par un partenaire ou un fournisseur, Senibor ne peut \u00eatre tenu responsable des pertes, dommages ou frais encourus par cette modification ou annulation. Par exemple, si une activit\u00e9 ou un vol est annul\u00e9, seul l\u2019acheteur est responsable des frais encourus. Senibor ne peut \u00eatre poursuivi ou tenu responsable.<\/p>\n<p><strong>FORCE MAJEURE<\/strong>\u00a0Senibor n\u2019est pas tenu responsable pour un manquement dans l\u2019ex\u00e9cution de ses obligations et toute perte, dommage ou frais suppl\u00e9mentaires r\u00e9sultant d\u2019un retard, changement, annulation, modification, maladie ou malaise divers, mortalit\u00e9, accident, inconv\u00e9nient, vol ou perte de biens personnels, catastrophes naturelles ou mauvaises temp\u00e9ratures, faillites d\u2019un fournisseur ou tout autre facteur ou \u00e9v\u00e8nement impr\u00e9vu qui est hors du contr\u00f4le raisonnable de Senibor.<\/p>\n<\/div>\n<\/div>\n<div class=\"wpb_text_column wpb_content_element \">\n<div class=\"wpb_wrapper\">\n<div class=\"vc_row wpb_row vc_row-fluid\">\n<div class=\"vc_col-sm-12 wpb_column vc_column_container\">\n<div class=\"wpb_wrapper\">\n<div class=\"vc_custom_heading wpb_content_element\">\n<h3>Politique de confidentialit\u00e9<\/h3>\n<\/div>\n<\/div>\n<\/div>\n<\/div>\n<p>Les renseignements personnels sont recueillis avec le consentement du r\u00e9pondant et ne servent qu\u2019au bon traitement et suivi de l\u2019offre de service, de la r\u00e9servation et du service apr\u00e8s vente. Le consentement est automatiquement reconnu lorsque le r\u00e9pondant rempli une demande de service et\/ou d\u2019achat. Les renseignements sont conserv\u00e9s sur support s\u00e9curis\u00e9, papier et\/ou informatique, puis sont d\u00e9truits apr\u00e8s la p\u00e9riode de conservation prescrite. En aucun cas, les renseignements personnels ne seront divulgu\u00e9s \u00e0 des tiers. Les renseignements personnels peuvent \u00eatre fournis aux partenaires affili\u00e9s, seulement si requis pour le bon traitement et suivi de l\u2019offre de service, de la r\u00e9servation et du service apr\u00e8s vente.<\/p>\n<div class=\"vc_row wpb_row vc_row-fluid\">\n<div class=\"vc_col-sm-12 wpb_column vc_column_container\">\n<div class=\"wpb_wrapper\">\n<div class=\"vc_custom_heading wpb_content_element\">\n<h3>Politique de s\u00e9curit\u00e9<\/h3>\n<\/div>\n<\/div>\n<\/div>\n<\/div>\n<p>Si vous achetez un service \u00e0 la carte en ligne, vous utiliserez le syst\u00e8me de paiement en ligne s\u00e9curis\u00e9 de Senibor. Nous sommes li\u00e9s aux normes et proc\u00e9dures de s\u00e9curit\u00e9 de ce partenaire. Si vous ne connaissez pas Senibor, sachez qu\u2019il s\u2019agit d\u2019un syst\u00e8me fortement utilis\u00e9 en ligne depuis plusieurs ann\u00e9es et qui se d\u00e9montre fiable, s\u00e9curitaire, s\u00e9rieux et confidentiel. Votre num\u00e9ro de carte de cr\u00e9dit ne sera pas conserv\u00e9 ni transf\u00e9r\u00e9 \u00e0 des tiers.<\/p>\n<\/div>\n<\/div>\n<div class=\"wpb_text_column wpb_content_element \">\n<div class=\"wpb_wrapper\">\n<div class=\"vc_row wpb_row vc_row-fluid\">\n<div class=\"vc_col-sm-12 wpb_column vc_column_container\">\n<div class=\"wpb_wrapper\">\n<div class=\"vc_custom_heading wpb_content_element\">\n<h3>Les pr\u00e9sentes modalit\u00e9s ainsi que les conditions mentionn\u00e9es et r\u00e9f\u00e9r\u00e9es constituent l\u2019int\u00e9gralit\u00e9 des termes et conditions g\u00e9n\u00e9rales.<\/h3>\n<\/div>\n<\/div>\n<\/div>\n<\/div>\n<\/div>\n<\/div>\n<\/div>\n<\/div>\n<\/div>\n<\/div><\/div>","protected":false},"excerpt":{"rendered":"<p>D\u00e9finitions &nbsp; TERMES ET CONDITIONS\u00a0Cette pr\u00e9sente page pr\u00e9sente les termes et conditions g\u00e9n\u00e9rales\u00a0qui s\u2019appliquent\u00a0\u00e0 tout achat en ligne de produits et services de Senibor. Veuillez prendre notre que des modalit\u00e9s\u00a0additionnelles peuvent s\u2019ajouter selon le produit ou le service sp\u00e9cifique achet\u00e9. Il est de la responsabilit\u00e9 de l\u2019acheteur de lire et comprendre les termes et conditions [&hellip;]<\/p>\n","protected":false},"author":1,"featured_media":0,"parent":0,"menu_order":0,"comment_status":"closed","ping_status":"closed","template":"","meta":{"footnotes":""},"class_list":["post-254","page","type-page","status-publish","hentry"],"yoast_head":"<!-- This site is optimized with the Yoast SEO plugin v23.1 - https:\/\/yoast.com\/wordpress\/plugins\/seo\/ -->\n<title>Termes et conditions - AGENCE DE RECOUVREMENT<\/title>\n<meta name=\"robots\" content=\"index, follow, max-snippet:-1, max-image-preview:large, max-video-preview:-1\" \/>\n<link rel=\"canonical\" href=\"https:\/\/senibor.com\/terms-and-conditions\/\" \/>\n<meta property=\"og:locale\" content=\"fr_FR\" \/>\n<meta property=\"og:type\" content=\"article\" \/>\n<meta property=\"og:title\" content=\"Termes et conditions - AGENCE DE RECOUVREMENT\" \/>\n<meta property=\"og:description\" content=\"D\u00e9finitions &nbsp; TERMES ET CONDITIONS\u00a0Cette pr\u00e9sente page pr\u00e9sente les termes et conditions g\u00e9n\u00e9rales\u00a0qui s\u2019appliquent\u00a0\u00e0 tout achat en ligne de produits et services de Senibor. Veuillez prendre notre que des modalit\u00e9s\u00a0additionnelles peuvent s\u2019ajouter selon le produit ou le service sp\u00e9cifique achet\u00e9. Il est de la responsabilit\u00e9 de l\u2019acheteur de lire et comprendre les termes et conditions [&hellip;]\" \/>\n<meta property=\"og:url\" content=\"https:\/\/senibor.com\/terms-and-conditions\/\" \/>\n<meta property=\"og:site_name\" content=\"AGENCE DE RECOUVREMENT\" \/>\n<meta property=\"article:modified_time\" content=\"2018-03-29T10:19:19+00:00\" \/>\n<meta name=\"twitter:card\" content=\"summary_large_image\" \/>\n<meta name=\"twitter:label1\" content=\"Dur\u00e9e de lecture estim\u00e9e\" \/>\n\t<meta name=\"twitter:data1\" content=\"7 minutes\" \/>\n<script type=\"application\/ld+json\" class=\"yoast-schema-graph\">{\"@context\":\"https:\/\/schema.org\",\"@graph\":[{\"@type\":\"WebPage\",\"@id\":\"https:\/\/senibor.com\/terms-and-conditions\/\",\"url\":\"https:\/\/senibor.com\/terms-and-conditions\/\",\"name\":\"Termes et conditions - AGENCE DE RECOUVREMENT\",\"isPartOf\":{\"@id\":\"https:\/\/senibor.com\/#website\"},\"datePublished\":\"2017-09-10T04:35:40+00:00\",\"dateModified\":\"2018-03-29T10:19:19+00:00\",\"breadcrumb\":{\"@id\":\"https:\/\/senibor.com\/terms-and-conditions\/#breadcrumb\"},\"inLanguage\":\"fr-FR\",\"potentialAction\":[{\"@type\":\"ReadAction\",\"target\":[\"https:\/\/senibor.com\/terms-and-conditions\/\"]}]},{\"@type\":\"BreadcrumbList\",\"@id\":\"https:\/\/senibor.com\/terms-and-conditions\/#breadcrumb\",\"itemListElement\":[{\"@type\":\"ListItem\",\"position\":1,\"name\":\"Home\",\"item\":\"https:\/\/senibor.com\/fr\/\"},{\"@type\":\"ListItem\",\"position\":2,\"name\":\"Termes et conditions\"}]},{\"@type\":\"WebSite\",\"@id\":\"https:\/\/senibor.com\/#website\",\"url\":\"https:\/\/senibor.com\/\",\"name\":\"AGENCE DE RECOUVREMENT\",\"description\":\"Debt Recovery, Background Credit Check, Legal Verification..\",\"publisher\":{\"@id\":\"https:\/\/senibor.com\/#organization\"},\"potentialAction\":[{\"@type\":\"SearchAction\",\"target\":{\"@type\":\"EntryPoint\",\"urlTemplate\":\"https:\/\/senibor.com\/?s={search_term_string}\"},\"query-input\":\"required name=search_term_string\"}],\"inLanguage\":\"fr-FR\"},{\"@type\":\"Organization\",\"@id\":\"https:\/\/senibor.com\/#organization\",\"name\":\"AGENCE DE RECOUVREMENT\",\"url\":\"https:\/\/senibor.com\/\",\"logo\":{\"@type\":\"ImageObject\",\"inLanguage\":\"fr-FR\",\"@id\":\"https:\/\/senibor.com\/#\/schema\/logo\/image\/\",\"url\":\"https:\/\/senibor.com\/wp-content\/uploads\/2017\/10\/cropped-SENIBOR-2-1.png\",\"contentUrl\":\"https:\/\/senibor.com\/wp-content\/uploads\/2017\/10\/cropped-SENIBOR-2-1.png\",\"width\":225,\"height\":75,\"caption\":\"AGENCE DE RECOUVREMENT\"},\"image\":{\"@id\":\"https:\/\/senibor.com\/#\/schema\/logo\/image\/\"}}]}<\/script>\n<!-- \/ Yoast SEO plugin. -->","yoast_head_json":{"title":"Termes et conditions - AGENCE DE RECOUVREMENT","robots":{"index":"index","follow":"follow","max-snippet":"max-snippet:-1","max-image-preview":"max-image-preview:large","max-video-preview":"max-video-preview:-1"},"canonical":"https:\/\/senibor.com\/terms-and-conditions\/","og_locale":"fr_FR","og_type":"article","og_title":"Termes et conditions - AGENCE DE RECOUVREMENT","og_description":"D\u00e9finitions &nbsp; TERMES ET CONDITIONS\u00a0Cette pr\u00e9sente page pr\u00e9sente les termes et conditions g\u00e9n\u00e9rales\u00a0qui s\u2019appliquent\u00a0\u00e0 tout achat en ligne de produits et services de Senibor. Veuillez prendre notre que des modalit\u00e9s\u00a0additionnelles peuvent s\u2019ajouter selon le produit ou le service sp\u00e9cifique achet\u00e9. Il est de la responsabilit\u00e9 de l\u2019acheteur de lire et comprendre les termes et conditions [&hellip;]","og_url":"https:\/\/senibor.com\/terms-and-conditions\/","og_site_name":"AGENCE DE RECOUVREMENT","article_modified_time":"2018-03-29T10:19:19+00:00","twitter_card":"summary_large_image","twitter_misc":{"Dur\u00e9e de lecture estim\u00e9e":"7 minutes"},"schema":{"@context":"https:\/\/schema.org","@graph":[{"@type":"WebPage","@id":"https:\/\/senibor.com\/terms-and-conditions\/","url":"https:\/\/senibor.com\/terms-and-conditions\/","name":"Termes et conditions - AGENCE DE RECOUVREMENT","isPartOf":{"@id":"https:\/\/senibor.com\/#website"},"datePublished":"2017-09-10T04:35:40+00:00","dateModified":"2018-03-29T10:19:19+00:00","breadcrumb":{"@id":"https:\/\/senibor.com\/terms-and-conditions\/#breadcrumb"},"inLanguage":"fr-FR","potentialAction":[{"@type":"ReadAction","target":["https:\/\/senibor.com\/terms-and-conditions\/"]}]},{"@type":"BreadcrumbList","@id":"https:\/\/senibor.com\/terms-and-conditions\/#breadcrumb","itemListElement":[{"@type":"ListItem","position":1,"name":"Home","item":"https:\/\/senibor.com\/fr\/"},{"@type":"ListItem","position":2,"name":"Termes et conditions"}]},{"@type":"WebSite","@id":"https:\/\/senibor.com\/#website","url":"https:\/\/senibor.com\/","name":"AGENCE DE RECOUVREMENT","description":"Debt Recovery, Background Credit Check, Legal Verification..","publisher":{"@id":"https:\/\/senibor.com\/#organization"},"potentialAction":[{"@type":"SearchAction","target":{"@type":"EntryPoint","urlTemplate":"https:\/\/senibor.com\/?s={search_term_string}"},"query-input":"required name=search_term_string"}],"inLanguage":"fr-FR"},{"@type":"Organization","@id":"https:\/\/senibor.com\/#organization","name":"AGENCE DE RECOUVREMENT","url":"https:\/\/senibor.com\/","logo":{"@type":"ImageObject","inLanguage":"fr-FR","@id":"https:\/\/senibor.com\/#\/schema\/logo\/image\/","url":"https:\/\/senibor.com\/wp-content\/uploads\/2017\/10\/cropped-SENIBOR-2-1.png","contentUrl":"https:\/\/senibor.com\/wp-content\/uploads\/2017\/10\/cropped-SENIBOR-2-1.png","width":225,"height":75,"caption":"AGENCE DE RECOUVREMENT"},"image":{"@id":"https:\/\/senibor.com\/#\/schema\/logo\/image\/"}}]}},"_links":{"self":[{"href":"https:\/\/senibor.com\/fr\/wp-json\/wp\/v2\/pages\/254"}],"collection":[{"href":"https:\/\/senibor.com\/fr\/wp-json\/wp\/v2\/pages"}],"about":[{"href":"https:\/\/senibor.com\/fr\/wp-json\/wp\/v2\/types\/page"}],"author":[{"embeddable":true,"href":"https:\/\/senibor.com\/fr\/wp-json\/wp\/v2\/users\/1"}],"replies":[{"embeddable":true,"href":"https:\/\/senibor.com\/fr\/wp-json\/wp\/v2\/comments?post=254"}],"version-history":[{"count":4,"href":"https:\/\/senibor.com\/fr\/wp-json\/wp\/v2\/pages\/254\/revisions"}],"predecessor-version":[{"id":463,"href":"https:\/\/senibor.com\/fr\/wp-json\/wp\/v2\/pages\/254\/revisions\/463"}],"wp:attachment":[{"href":"https:\/\/senibor.com\/fr\/wp-json\/wp\/v2\/media?parent=254"}],"curies":[{"name":"wp","href":"https:\/\/api.w.org\/{rel}","templated":true}]}}