{"id":37,"date":"2017-09-08T20:17:16","date_gmt":"2017-09-08T20:17:16","guid":{"rendered":"https:\/\/senibor.com\/?page_id=37"},"modified":"2017-09-09T23:04:41","modified_gmt":"2017-09-09T23:04:41","slug":"recouvrement-de-creances","status":"publish","type":"page","link":"https:\/\/senibor.com\/fr\/recouvrement-de-creances\/","title":{"rendered":"RECOUVREMENT DE CR\u00c9ANCES"},"content":{"rendered":"<div id=\"dslc-content\" class=\"dslc-content dslc-clearfix\"><div id=\"dslc-main\">\r\n\t\t<div  class=\"dslc-modules-section  dslc-full \" style=\"margin-bottom:10px;padding-bottom:0px;padding-top:0px;border-color:rgba(0,0,0,0);\" data-section-id=\"3d83ee6ca8a\">\r\n\t\t\t\t\r\n\t\t\t\t\r\n\t\t\t\t<div class=\"dslc-modules-section-wrapper dslc-clearfix\"><div class=\"dslc-modules-area dslc-col dslc-12-col dslc-last-col\" data-size=\"12\" data-valign=\"\">\r\n\t\t<div id=\"dslc-module-7419ade3369\" class=\"dslc-module-front dslc-module-DSLC_Text_Simple dslc-in-viewport-check dslc-in-viewport-anim-none  dslc-col dslc-12-col dslc-last-col  dslc-module-handle-like-regular \" data-module-id=\"7419ade3369\" data-module=\"DSLC_Text_Simple\" data-dslc-module-size=\"12\" data-dslc-anim=\"none\" data-dslc-anim-delay=\"\" data-dslc-anim-duration=\"650\"  data-dslc-anim-easing=\"ease\" data-dslc-preset=\"none\" >\r\n\r\n\t\t\t\r\n\t\t\t\r\n\t\t\r\n\t\t<div class=\"dslc-text-module-content\">\r\n\t\t\t<h2>Confiez-nous vos mauvaises cr\u00e9ances<\/h2>\t\t<\/div>\r\n\r\n\t\t\r\n\t\t\t\t<\/div><!-- .dslc-module -->\r\n\t\t\r\n\t\t<div id=\"dslc-module-1f6ee1485c7\" class=\"dslc-module-front dslc-module-DSLC_Text_Simple dslc-in-viewport-check dslc-in-viewport-anim-none  dslc-col dslc-12-col dslc-last-col  dslc-module-handle-like-regular \" data-module-id=\"1f6ee1485c7\" data-module=\"DSLC_Text_Simple\" data-dslc-module-size=\"12\" data-dslc-anim=\"none\" data-dslc-anim-delay=\"\" data-dslc-anim-duration=\"650\"  data-dslc-anim-easing=\"ease\" data-dslc-preset=\"none\" >\r\n\r\n\t\t\t\r\n\t\t\t\r\n\t\t\r\n\t\t<div class=\"dslc-text-module-content\">\r\n\t\t\t<h2>Vous avez une facture impay\u00e9e ? Les retards de paiement s'accumulent ? Vous attendez un paiement pour un loyer ?<\/h2><p>L'Agence de recouvrement Senibor s'occupe de la perception des mauvaises cr\u00e9ances de vos comptes commerciaux et personnels. Notre \u00e9quipe de sp\u00e9cialistes en recouvrement g\u00e8rent la solvabilit\u00e9 des comptes cr\u00e9anciers et la perception des cr\u00e9ances pass\u00e9es tels que des factures impay\u00e9es, des ch\u00e8ques sans provision, des ententes non pay\u00e9es.<\/p>\t\t<\/div>\r\n\r\n\t\t\r\n\t\t\t\t<\/div><!-- .dslc-module -->\r\n\t\t<\/div><\/div><\/div>\r\n\t\t<div  class=\"dslc-modules-section \" style=\"padding-bottom:10px;padding-top:10px;background-color:#f9f9f9;\" data-section-id=\"5018f7d6b54\">\r\n\t\t\t\t\r\n\t\t\t\t\r\n\t\t\t\t<div class=\"dslc-modules-section-wrapper dslc-clearfix\"><div class=\"dslc-modules-area dslc-col dslc-12-col dslc-last-col\" data-size=\"12\" data-valign=\"\">\r\n\t\t<div id=\"dslc-module-802de1a99c9\" class=\"dslc-module-front dslc-module-DSLC_Text_Simple dslc-in-viewport-check dslc-in-viewport-anim-none  dslc-col dslc-12-col dslc-last-col  dslc-module-handle-like-regular \" data-module-id=\"802de1a99c9\" data-module=\"DSLC_Text_Simple\" data-dslc-module-size=\"12\" data-dslc-anim=\"none\" data-dslc-anim-delay=\"\" data-dslc-anim-duration=\"650\"  data-dslc-anim-easing=\"ease\" data-dslc-preset=\"none\" >\r\n\r\n\t\t\t\r\n\t\t\t\r\n\t\t\r\n\t\t<div class=\"dslc-text-module-content\">\r\n\t\t\t<h2>R\u00e9cup\u00e9rez votre argent, c'est possible !<\/h2><p>\u00c9conomisez votre temps et votre \u00e9nergie. Lib\u00e9rez-vous des d\u00e9biteurs qui vous \u00e9puisent et des dossiers en attente de paiement. Nos sp\u00e9cialistes prennent en main vos dossiers en mauvaise cr\u00e9ance et font le suivi pour collecter les sommes qui vous sont dues. Soyez pr\u00e9ventif avec une <a href=\"https:\/\/senibor.com\/enquete-de-credit\/\">enqu\u00eate de cr\u00e9dit <\/a>ou une <a href=\"https:\/\/senibor.com\/enquete-commerciale\/\">enqu\u00eate commerciale<\/a>.<\/p>\t\t<\/div>\r\n\r\n\t\t\r\n\t\t\t\t<\/div><!-- .dslc-module -->\r\n\t\t<\/div><\/div><\/div>\r\n\t\t<div  class=\"dslc-modules-section  dslc-full  dslc-no-columns-spacing \" style=\"margin-bottom:10px;padding-bottom:10px;padding-top:10px;\" data-section-id=\"5018f7d6b54\">\r\n\t\t\t\t\r\n\t\t\t\t\r\n\t\t\t\t<div class=\"dslc-modules-section-wrapper dslc-clearfix\"><div class=\"dslc-modules-area dslc-col dslc-12-col dslc-last-col\" data-size=\"12\" data-valign=\"\">\r\n\t\t<div id=\"dslc-module-b69d7780ed5\" class=\"dslc-module-front dslc-module-DSLC_Separator dslc-in-viewport-check dslc-in-viewport-anim-none  dslc-col dslc-12-col dslc-last-col  dslc-module-handle-like-regular \" data-module-id=\"b69d7780ed5\" data-module=\"DSLC_Separator\" data-dslc-module-size=\"12\" data-dslc-anim=\"none\" data-dslc-anim-delay=\"0\" data-dslc-anim-duration=\"650\"  data-dslc-anim-easing=\"ease\" data-dslc-preset=\"none\" >\r\n\r\n\t\t\t\r\n\t\t\t\r\n\t\t\t\t\t<div class=\"dslc-separator-wrapper\">\r\n\t\t\t\t<div class=\"dslc-separator dslc-separator-style-invisible\">\r\n\t\t\t\t\t\t\t\t\t<\/div>\r\n\t\t\t\t<div><\/div>\r\n\t\t\t<\/div><!-- .dslc-separator-wrapper -->\r\n\t\t\t\r\n\t\t\t\t<\/div><!-- .dslc-module -->\r\n\t\t\r\n\t\t<div id=\"dslc-module-da5f83d669d\" class=\"dslc-module-front dslc-module-DSLC_Accordion dslc-in-viewport-check dslc-in-viewport-anim-none  dslc-col dslc-12-col dslc-last-col  dslc-module-handle-like-accordion \" data-module-id=\"da5f83d669d\" data-module=\"DSLC_Accordion\" data-dslc-module-size=\"12\" data-dslc-anim=\"none\" data-dslc-anim-delay=\"\" data-dslc-anim-duration=\"650\"  data-dslc-anim-easing=\"ease\" data-dslc-preset=\"none\" >\r\n\r\n\t\t\t\r\n\t\t\t\r\n\t\t\r\n\t\t\t\t<div class=\"dslc-accordion\" data-open=\"1\">\r\n\r\n\t\t\t\t\t\r\n\t\t\t\t\t\t\r\n\t\t\t\t\t\t\t<div class=\"dslc-accordion-item\" id=\"accordion-0\">\r\n\r\n\t\t\t\t\t\t\t\t<div class=\"dslc-accordion-header dslc-accordion-hook\">\r\n\t\t\t\t\t\t\t\t\t<span class=\"dslc-accordion-title\" >AUCUN FRAIS D'ADH\u00c9SION           <\/span>\r\n\t\t\t\t\t\t\t\t\t\t\t\t\t\t\t\t\t\t\t\t\t\t\t\t\t\t\t\t<div class=\"dslca-accordion-action-hooks\">\r\n\t\t\t\t\t\t\t\t\t\t\t<span class=\"dslca-toggle-accordion-hook\"><span class=\"dslca-icon dslc-icon-minus\"><\/span><\/span>\r\n\t\t\t\t\t\t\t\t\t\t<\/div>\r\n\t\t\t\t\t\t\t\t\t\t\t\t\t\t\t\t\t<\/div>\r\n\r\n\t\t\t\t\t\t\t\t<div class=\"dslc-accordion-content\">\r\n\t\t\t\t\t\t\t\t\t<div class=\"dslca-editable-content\">\r\n\t\t\t\t\t\t\t\t\t\tRemplissez une nouvelle demande de recouvrement d'un paiement en souffrance et ce, sans frais d'adh\u00e9sion. \n\nD\u00e8s la r\u00e9ception de votre demande, notre \u00e9quipe travaille pour r\u00e9cup\u00e9rer le paiement et effectue le suivi aupr\u00e8s du d\u00e9biteur. \t\t\t\t\t\t\t\t\t<\/div>\r\n\t\t\t\t\t\t\t\t\t\t\t\t\t\t\t\t\t<\/div><!-- .dslc-accordion-content -->\r\n\r\n\t\t\t\t\t\t\t<\/div><!-- .dslc-accordion-item -->\r\n\r\n\t\t\t\t\t\t\r\n\t\t\t\t\t\t\t<div class=\"dslc-accordion-item\" id=\"accordion-1\">\r\n\r\n\t\t\t\t\t\t\t\t<div class=\"dslc-accordion-header dslc-accordion-hook\">\r\n\t\t\t\t\t\t\t\t\t<span class=\"dslc-accordion-title\" >                    AUCUN FRAIS SI L'ARGENT N'EST PAS COLLECT\u00c9             <\/span>\r\n\t\t\t\t\t\t\t\t\t\t\t\t\t\t\t\t\t\t\t\t\t\t\t\t\t\t\t\t<div class=\"dslca-accordion-action-hooks\">\r\n\t\t\t\t\t\t\t\t\t\t\t<span class=\"dslca-toggle-accordion-hook\"><span class=\"dslca-icon dslc-icon-minus\"><\/span><\/span>\r\n\t\t\t\t\t\t\t\t\t\t<\/div>\r\n\t\t\t\t\t\t\t\t\t\t\t\t\t\t\t\t\t<\/div>\r\n\r\n\t\t\t\t\t\t\t\t<div class=\"dslc-accordion-content\">\r\n\t\t\t\t\t\t\t\t\t<div class=\"dslca-editable-content\">\r\n\t\t\t\t\t\t\t\t\t\t <p>Nous ne chargeons aucun frais initial avant que l'argent ne soit collect\u00e9. Nous conservons une commission sur les montants per\u00e7us.\u00a0<\/p> \t\t\t\t\t\t\t\t\t<\/div>\r\n\t\t\t\t\t\t\t\t\t\t\t\t\t\t\t\t\t<\/div><!-- .dslc-accordion-content -->\r\n\r\n\t\t\t\t\t\t\t<\/div><!-- .dslc-accordion-item -->\r\n\r\n\t\t\t\t\t\t\r\n\t\t\t\t\t\t\t<div class=\"dslc-accordion-item\" id=\"accordion-2\">\r\n\r\n\t\t\t\t\t\t\t\t<div class=\"dslc-accordion-header dslc-accordion-hook\">\r\n\t\t\t\t\t\t\t\t\t<span class=\"dslc-accordion-title\" >             AUCUN FRAIS CACH\u00c9<\/span>\r\n\t\t\t\t\t\t\t\t\t\t\t\t\t\t\t\t\t\t\t\t\t\t\t\t\t\t\t\t<div class=\"dslca-accordion-action-hooks\">\r\n\t\t\t\t\t\t\t\t\t\t\t<span class=\"dslca-toggle-accordion-hook\"><span class=\"dslca-icon dslc-icon-minus\"><\/span><\/span>\r\n\t\t\t\t\t\t\t\t\t\t<\/div>\r\n\t\t\t\t\t\t\t\t\t\t\t\t\t\t\t\t\t<\/div>\r\n\r\n\t\t\t\t\t\t\t\t<div class=\"dslc-accordion-content\">\r\n\t\t\t\t\t\t\t\t\t<div class=\"dslca-editable-content\">\r\n\t\t\t\t\t\t\t\t\t\t <p>Notre \u00e9quipe agit en toute transparence et en conformit\u00e9 avec la loi. Nous appliquons une grande rigueur, honn\u00eatet\u00e9 et int\u00e9grit\u00e9 dans le traitement des dossiers.\u00a0<\/p>\t\t\t\t\t\t\t\t\t<\/div>\r\n\t\t\t\t\t\t\t\t\t\t\t\t\t\t\t\t\t<\/div><!-- .dslc-accordion-content -->\r\n\r\n\t\t\t\t\t\t\t<\/div><!-- .dslc-accordion-item -->\r\n\r\n\t\t\t\t\t\t\r\n\t\t\t\t\t\r\n\t\t\t\t\t\r\n\t\t\t\t<\/div><!-- .dslc-accordion -->\r\n\r\n\t\t\r\n\t\t\t\t<\/div><!-- .dslc-module -->\r\n\t\t\r\n\t\t<div id=\"dslc-module-b12e3331c48\" class=\"dslc-module-front dslc-module-DSLC_Separator dslc-in-viewport-check dslc-in-viewport-anim-none  dslc-col dslc-12-col dslc-last-col  dslc-module-handle-like-regular \" data-module-id=\"b12e3331c48\" data-module=\"DSLC_Separator\" data-dslc-module-size=\"12\" data-dslc-anim=\"none\" data-dslc-anim-delay=\"0\" data-dslc-anim-duration=\"650\"  data-dslc-anim-easing=\"ease\" data-dslc-preset=\"none\" >\r\n\r\n\t\t\t\r\n\t\t\t\r\n\t\t\t\t\t<div class=\"dslc-separator-wrapper\">\r\n\t\t\t\t<div class=\"dslc-separator dslc-separator-style-invisible\">\r\n\t\t\t\t\t\t\t\t\t<\/div>\r\n\t\t\t\t<div><\/div>\r\n\t\t\t<\/div><!-- .dslc-separator-wrapper -->\r\n\t\t\t\r\n\t\t\t\t<\/div><!-- .dslc-module -->\r\n\t\t<\/div><\/div><\/div>\r\n\t\t<div  class=\"dslc-modules-section \" style=\"background-color:#f9f9f9;\" data-section-id=\"3d83ee6ca8a\">\r\n\t\t\t\t\r\n\t\t\t\t\r\n\t\t\t\t<div class=\"dslc-modules-section-wrapper dslc-clearfix\"><div class=\"dslc-modules-area dslc-col dslc-12-col dslc-last-col\" data-size=\"12\" data-valign=\"\">\r\n\t\t<div id=\"dslc-module-mkcrcp0un1o\" class=\"dslc-module-front dslc-module-DSLC_Info_Box dslc-in-viewport-check dslc-in-viewport-anim-none  dslc-col dslc-12-col dslc-last-col  dslc-module-handle-like-regular \" data-module-id=\"mkcrcp0un1o\" data-module=\"DSLC_Info_Box\" data-dslc-module-size=\"12\" data-dslc-anim=\"none\" data-dslc-anim-delay=\"\" data-dslc-anim-duration=\"650\"  data-dslc-anim-easing=\"ease\" data-dslc-preset=\"none\" >\r\n\r\n\t\t\t\r\n\t\t\t\r\n\t\t\r\n\t\t\t<div class=\"dslc-info-box dslc-info-box-icon-pos-above dslc-info-box-image-pos-above\">\r\n\r\n\t\t\t\t<div class=\"dslc-info-box-wrapper\">\r\n\r\n\t\t\t\t\t\r\n\t\t\t\t\t<div class=\"dslc-info-box-main-wrap dslc-clearfix\">\r\n\r\n\t\t\t\t\t\t\t\t\t\t\t\t\t<div class=\"dslc-info-box-image\">\r\n\t\t\t\t\t\t\t\t<div class=\"dslc-info-box-image-inner\">\r\n\t\t\t\t\t\t\t\t\t\t\t\t\t\t\t\t\t\t\t<span class=\"dslc-icon dslc-icon-check\"><\/span>\r\n\t\t\t\t\t\t\t\t\t\t\t\t\t\t\t\t\t\t\t\t\t\t\t\t\t\t<\/div><!-- .dslc-info-box-image-inner -->\r\n\t\t\t\t\t\t\t<\/div><!-- .dslc-info-box-image -->\r\n\t\t\t\t\t\t\r\n\t\t\t\t\t\t\r\n\t\t\t\t\t\t<div class=\"dslc-info-box-main\">\r\n\r\n\t\t\t\t\t\t\t\t\t\t\t\t\t\t\t<div class=\"dslc-info-box-title\">\r\n\t\t\t\t\t\t\t\t\t\t\t\t\t\t\t\t\t\t\t\t\t\t\t\t\t\t\t\t\t\t<h4 >DEMANDE DE SERVICE\u00a0<\/h4>\r\n\t\t\t\t\t\t\t\t\t\t\t\t\t\t\t\t\t\t\t\t\t\t\t\t\t\t\t<\/div><!-- .dslc-info-box-title -->\r\n\t\t\t\t\t\t\t\r\n\t\t\t\t\t\t\t\t\t\t\t\t\t\t\t<div class=\"dslc-info-box-content\">\r\n\t\t\t\t\t\t\t\t\t\t\t\t\t\t\t\t\t\t\t<p>Remplissez une nouvelle demande de service pour le traitement d'une transaction en mauvaise cr\u00e9ance.\u00a0<\/p>\t\t\t\t\t\t\t\t\t\t\t\t\t\t\t\t\t<\/div><!-- .dslc-info-box-content -->\r\n\t\t\t\t\t\t\t\r\n\t\t\t\t\t\t\t\r\n\t\t\t\t\t\t<\/div><!-- .dslc-info-box-main -->\r\n\r\n\t\t\t\t\t<\/div><!-- .dslc-info-box-main-wrap -->\r\n\r\n\t\t\t\t<\/div><!-- .dslc-info-box-wrapper -->\r\n\r\n\t\t\t<\/div><!-- .dslc-info-box -->\r\n\r\n\t\t\r\n\t\t\t\t<\/div><!-- .dslc-module -->\r\n\t\t\r\n\t\t<div id=\"dslc-module-118c9b22eae\" class=\"dslc-module-front dslc-module-DSLC_Shortcode dslc-in-viewport-check dslc-in-viewport-anim-none  dslc-col dslc-12-col dslc-last-col  dslc-module-handle-like-regular \" data-module-id=\"118c9b22eae\" data-module=\"DSLC_Shortcode\" data-dslc-module-size=\"12\" data-dslc-anim=\"none\" data-dslc-anim-delay=\"\" data-dslc-anim-duration=\"650\"  data-dslc-anim-easing=\"ease\" data-dslc-preset=\"none\" >\r\n\r\n\t\t\t\r\n\t\t\t\r\n\t\t\t\t<div class=\"dslc-module-shortcode\">\r\n\t\t\t\n<div class=\"wpcf7 no-js\" id=\"wpcf7-f9-o1\" lang=\"en\" dir=\"ltr\">\n<div class=\"screen-reader-response\"><p role=\"status\" aria-live=\"polite\" aria-atomic=\"true\"><\/p> <ul><\/ul><\/div>\n<form action=\"\/fr\/wp-json\/wp\/v2\/pages\/37#wpcf7-f9-o1\" method=\"post\" class=\"wpcf7-form init\" aria-label=\"Formulaire de contact\" novalidate=\"novalidate\" data-status=\"init\">\n<div style=\"display: none;\">\n<input type=\"hidden\" name=\"_wpcf7\" value=\"9\" \/>\n<input type=\"hidden\" name=\"_wpcf7_version\" value=\"5.9.8\" \/>\n<input type=\"hidden\" name=\"_wpcf7_locale\" value=\"en\" \/>\n<input type=\"hidden\" name=\"_wpcf7_unit_tag\" value=\"wpcf7-f9-o1\" \/>\n<input type=\"hidden\" name=\"_wpcf7_container_post\" value=\"0\" \/>\n<input type=\"hidden\" name=\"_wpcf7_posted_data_hash\" value=\"\" \/>\n<\/div>\n<p><label> NOM<br \/>\n<span class=\"wpcf7-form-control-wrap\" data-name=\"your-name\"><input size=\"40\" maxlength=\"400\" class=\"wpcf7-form-control wpcf7-text wpcf7-validates-as-required\" aria-required=\"true\" aria-invalid=\"false\" value=\"\" type=\"text\" name=\"your-name\" \/><\/span> <\/label>\n<\/p>\n<p><label> EMAIL<br \/>\n<span class=\"wpcf7-form-control-wrap\" data-name=\"your-email\"><input size=\"40\" maxlength=\"400\" class=\"wpcf7-form-control wpcf7-email wpcf7-validates-as-required wpcf7-text wpcf7-validates-as-email\" aria-required=\"true\" aria-invalid=\"false\" value=\"\" type=\"email\" name=\"your-email\" \/><\/span> <\/label>\n<\/p>\n<p><label> SUJET<br \/>\n<span class=\"wpcf7-form-control-wrap\" data-name=\"your-subject\"><input size=\"40\" maxlength=\"400\" class=\"wpcf7-form-control wpcf7-text\" aria-invalid=\"false\" value=\"\" type=\"text\" name=\"your-subject\" \/><\/span> <\/label>\n<\/p>\n<p><label> MESSAGE<br \/>\n<span class=\"wpcf7-form-control-wrap\" data-name=\"your-message\"><textarea cols=\"40\" rows=\"10\" maxlength=\"2000\" class=\"wpcf7-form-control wpcf7-textarea\" aria-invalid=\"false\" name=\"your-message\"><\/textarea><\/span> <\/label>\n<\/p>\n<p><input class=\"wpcf7-form-control wpcf7-submit has-spinner\" type=\"submit\" value=\"ENVOYER\" \/>\n<\/p><div class=\"wpcf7-response-output\" aria-hidden=\"true\"><\/div>\n<\/form>\n<\/div>\n\t\t<\/div>\r\n\t\t\r\n\t\t\t\t<\/div><!-- .dslc-module -->\r\n\t\t<\/div><\/div><\/div>\r\n\t\t<div  class=\"dslc-modules-section \" style=\"\" data-section-id=\"3d83ee6ca8a\">\r\n\t\t\t\t\r\n\t\t\t\t\r\n\t\t\t\t<div class=\"dslc-modules-section-wrapper dslc-clearfix\"><div class=\"dslc-modules-area dslc-col dslc-12-col dslc-last-col\" data-size=\"12\" data-valign=\"\">\r\n\t\t<div id=\"dslc-module-29553903484\" class=\"dslc-module-front dslc-module-DSLC_Image dslc-in-viewport-check dslc-in-viewport-anim-none  dslc-col dslc-12-col dslc-last-col  dslc-module-handle-like-regular \" data-module-id=\"29553903484\" data-module=\"DSLC_Image\" data-dslc-module-size=\"12\" data-dslc-anim=\"none\" data-dslc-anim-delay=\"\" data-dslc-anim-duration=\"650\"  data-dslc-anim-easing=\"ease\" data-dslc-preset=\"none\" >\r\n\r\n\t\t\t\r\n\t\t\t\r\n\t\t\t\t<div class=\"dslc-image-container\">\r\n\t\t<div class=\"dslc-image\">\r\n\r\n\t\t\t\r\n\t\t\t\t\r\n\t\t\t\t\t\t\t\t\t<a class=\"\" href=\"#\" target=\"_self\"  >\r\n\t\t\t\t\t\t\t\t\t<img src=\"https:\/\/senibor.com\/wp-content\/uploads\/2017\/09\/we-get-your-money-back.png\" alt=\"\" title=\"\"   \/>\r\n\t\t\t\t\t\t\t\t\t<\/a>\r\n\t\t\t\t\r\n\t\t\t\t\t\t\t\t\t<\/div><!-- .dslc-image -->\r\n\t\t<\/div>\r\n\t\t\r\n\t\t\t\t<\/div><!-- .dslc-module -->\r\n\t\t<\/div><\/div><\/div><\/div><\/div>","protected":false},"excerpt":{"rendered":"<p>Confiez-nous vos mauvaises cr\u00e9ances Vous avez une facture impay\u00e9e ? Les retards de paiement s&rsquo;accumulent ? Vous attendez un paiement pour un loyer ?L&rsquo;Agence de recouvrement Senibor s&rsquo;occupe de la perception des mauvaises cr\u00e9ances de vos comptes commerciaux et personnels. Notre \u00e9quipe de sp\u00e9cialistes en recouvrement g\u00e8rent la solvabilit\u00e9 des comptes cr\u00e9anciers et la perception [&hellip;]<\/p>\n","protected":false},"author":1,"featured_media":0,"parent":0,"menu_order":0,"comment_status":"closed","ping_status":"closed","template":"","meta":{"footnotes":""},"class_list":["post-37","page","type-page","status-publish","hentry"],"yoast_head":"<!-- This site is optimized with the Yoast SEO plugin v23.1 - https:\/\/yoast.com\/wordpress\/plugins\/seo\/ -->\n<title>RECOUVREMENT DE CR\u00c9ANCES - AGENCE DE RECOUVREMENT<\/title>\n<meta name=\"robots\" content=\"index, follow, max-snippet:-1, max-image-preview:large, max-video-preview:-1\" \/>\n<link rel=\"canonical\" href=\"https:\/\/senibor.com\/debt-recovery\/\" \/>\n<meta property=\"og:locale\" content=\"fr_FR\" \/>\n<meta property=\"og:type\" content=\"article\" \/>\n<meta property=\"og:title\" content=\"RECOUVREMENT DE CR\u00c9ANCES - AGENCE DE RECOUVREMENT\" \/>\n<meta property=\"og:description\" content=\"Confiez-nous vos mauvaises cr\u00e9ances Vous avez une facture impay\u00e9e ? Les retards de paiement s&#039;accumulent ? Vous attendez un paiement pour un loyer ?L&#039;Agence de recouvrement Senibor s&#039;occupe de la perception des mauvaises cr\u00e9ances de vos comptes commerciaux et personnels. Notre \u00e9quipe de sp\u00e9cialistes en recouvrement g\u00e8rent la solvabilit\u00e9 des comptes cr\u00e9anciers et la perception [&hellip;]\" \/>\n<meta property=\"og:url\" content=\"https:\/\/senibor.com\/debt-recovery\/\" \/>\n<meta property=\"og:site_name\" content=\"AGENCE DE RECOUVREMENT\" \/>\n<meta property=\"article:modified_time\" content=\"2017-09-09T23:04:41+00:00\" \/>\n<meta name=\"twitter:card\" content=\"summary_large_image\" \/>\n<script type=\"application\/ld+json\" class=\"yoast-schema-graph\">{\"@context\":\"https:\/\/schema.org\",\"@graph\":[{\"@type\":\"WebPage\",\"@id\":\"https:\/\/senibor.com\/debt-recovery\/\",\"url\":\"https:\/\/senibor.com\/debt-recovery\/\",\"name\":\"RECOUVREMENT DE CR\u00c9ANCES - AGENCE DE RECOUVREMENT\",\"isPartOf\":{\"@id\":\"https:\/\/senibor.com\/#website\"},\"datePublished\":\"2017-09-08T20:17:16+00:00\",\"dateModified\":\"2017-09-09T23:04:41+00:00\",\"breadcrumb\":{\"@id\":\"https:\/\/senibor.com\/debt-recovery\/#breadcrumb\"},\"inLanguage\":\"fr-FR\",\"potentialAction\":[{\"@type\":\"ReadAction\",\"target\":[\"https:\/\/senibor.com\/debt-recovery\/\"]}]},{\"@type\":\"BreadcrumbList\",\"@id\":\"https:\/\/senibor.com\/debt-recovery\/#breadcrumb\",\"itemListElement\":[{\"@type\":\"ListItem\",\"position\":1,\"name\":\"Home\",\"item\":\"https:\/\/senibor.com\/fr\/\"},{\"@type\":\"ListItem\",\"position\":2,\"name\":\"RECOUVREMENT DE CR\u00c9ANCES\"}]},{\"@type\":\"WebSite\",\"@id\":\"https:\/\/senibor.com\/#website\",\"url\":\"https:\/\/senibor.com\/\",\"name\":\"AGENCE DE RECOUVREMENT\",\"description\":\"Debt Recovery, Background Credit Check, Legal Verification..\",\"publisher\":{\"@id\":\"https:\/\/senibor.com\/#organization\"},\"potentialAction\":[{\"@type\":\"SearchAction\",\"target\":{\"@type\":\"EntryPoint\",\"urlTemplate\":\"https:\/\/senibor.com\/?s={search_term_string}\"},\"query-input\":\"required name=search_term_string\"}],\"inLanguage\":\"fr-FR\"},{\"@type\":\"Organization\",\"@id\":\"https:\/\/senibor.com\/#organization\",\"name\":\"AGENCE DE RECOUVREMENT\",\"url\":\"https:\/\/senibor.com\/\",\"logo\":{\"@type\":\"ImageObject\",\"inLanguage\":\"fr-FR\",\"@id\":\"https:\/\/senibor.com\/#\/schema\/logo\/image\/\",\"url\":\"https:\/\/senibor.com\/wp-content\/uploads\/2017\/10\/cropped-SENIBOR-2-1.png\",\"contentUrl\":\"https:\/\/senibor.com\/wp-content\/uploads\/2017\/10\/cropped-SENIBOR-2-1.png\",\"width\":225,\"height\":75,\"caption\":\"AGENCE DE RECOUVREMENT\"},\"image\":{\"@id\":\"https:\/\/senibor.com\/#\/schema\/logo\/image\/\"}}]}<\/script>\n<!-- \/ Yoast SEO plugin. -->","yoast_head_json":{"title":"RECOUVREMENT DE CR\u00c9ANCES - AGENCE DE RECOUVREMENT","robots":{"index":"index","follow":"follow","max-snippet":"max-snippet:-1","max-image-preview":"max-image-preview:large","max-video-preview":"max-video-preview:-1"},"canonical":"https:\/\/senibor.com\/debt-recovery\/","og_locale":"fr_FR","og_type":"article","og_title":"RECOUVREMENT DE CR\u00c9ANCES - AGENCE DE RECOUVREMENT","og_description":"Confiez-nous vos mauvaises cr\u00e9ances Vous avez une facture impay\u00e9e ? Les retards de paiement s'accumulent ? Vous attendez un paiement pour un loyer ?L'Agence de recouvrement Senibor s'occupe de la perception des mauvaises cr\u00e9ances de vos comptes commerciaux et personnels. Notre \u00e9quipe de sp\u00e9cialistes en recouvrement g\u00e8rent la solvabilit\u00e9 des comptes cr\u00e9anciers et la perception [&hellip;]","og_url":"https:\/\/senibor.com\/debt-recovery\/","og_site_name":"AGENCE DE RECOUVREMENT","article_modified_time":"2017-09-09T23:04:41+00:00","twitter_card":"summary_large_image","schema":{"@context":"https:\/\/schema.org","@graph":[{"@type":"WebPage","@id":"https:\/\/senibor.com\/debt-recovery\/","url":"https:\/\/senibor.com\/debt-recovery\/","name":"RECOUVREMENT DE CR\u00c9ANCES - AGENCE DE RECOUVREMENT","isPartOf":{"@id":"https:\/\/senibor.com\/#website"},"datePublished":"2017-09-08T20:17:16+00:00","dateModified":"2017-09-09T23:04:41+00:00","breadcrumb":{"@id":"https:\/\/senibor.com\/debt-recovery\/#breadcrumb"},"inLanguage":"fr-FR","potentialAction":[{"@type":"ReadAction","target":["https:\/\/senibor.com\/debt-recovery\/"]}]},{"@type":"BreadcrumbList","@id":"https:\/\/senibor.com\/debt-recovery\/#breadcrumb","itemListElement":[{"@type":"ListItem","position":1,"name":"Home","item":"https:\/\/senibor.com\/fr\/"},{"@type":"ListItem","position":2,"name":"RECOUVREMENT DE CR\u00c9ANCES"}]},{"@type":"WebSite","@id":"https:\/\/senibor.com\/#website","url":"https:\/\/senibor.com\/","name":"AGENCE DE RECOUVREMENT","description":"Debt Recovery, Background Credit Check, Legal Verification..","publisher":{"@id":"https:\/\/senibor.com\/#organization"},"potentialAction":[{"@type":"SearchAction","target":{"@type":"EntryPoint","urlTemplate":"https:\/\/senibor.com\/?s={search_term_string}"},"query-input":"required name=search_term_string"}],"inLanguage":"fr-FR"},{"@type":"Organization","@id":"https:\/\/senibor.com\/#organization","name":"AGENCE DE RECOUVREMENT","url":"https:\/\/senibor.com\/","logo":{"@type":"ImageObject","inLanguage":"fr-FR","@id":"https:\/\/senibor.com\/#\/schema\/logo\/image\/","url":"https:\/\/senibor.com\/wp-content\/uploads\/2017\/10\/cropped-SENIBOR-2-1.png","contentUrl":"https:\/\/senibor.com\/wp-content\/uploads\/2017\/10\/cropped-SENIBOR-2-1.png","width":225,"height":75,"caption":"AGENCE DE RECOUVREMENT"},"image":{"@id":"https:\/\/senibor.com\/#\/schema\/logo\/image\/"}}]}},"_links":{"self":[{"href":"https:\/\/senibor.com\/fr\/wp-json\/wp\/v2\/pages\/37"}],"collection":[{"href":"https:\/\/senibor.com\/fr\/wp-json\/wp\/v2\/pages"}],"about":[{"href":"https:\/\/senibor.com\/fr\/wp-json\/wp\/v2\/types\/page"}],"author":[{"embeddable":true,"href":"https:\/\/senibor.com\/fr\/wp-json\/wp\/v2\/users\/1"}],"replies":[{"embeddable":true,"href":"https:\/\/senibor.com\/fr\/wp-json\/wp\/v2\/comments?post=37"}],"version-history":[{"count":6,"href":"https:\/\/senibor.com\/fr\/wp-json\/wp\/v2\/pages\/37\/revisions"}],"predecessor-version":[{"id":218,"href":"https:\/\/senibor.com\/fr\/wp-json\/wp\/v2\/pages\/37\/revisions\/218"}],"wp:attachment":[{"href":"https:\/\/senibor.com\/fr\/wp-json\/wp\/v2\/media?parent=37"}],"curies":[{"name":"wp","href":"https:\/\/api.w.org\/{rel}","templated":true}]}}