{"id":516,"date":"2017-10-12T02:50:55","date_gmt":"2017-10-12T02:50:55","guid":{"rendered":"https:\/\/senibor.com\/faq\/"},"modified":"2019-04-18T18:00:56","modified_gmt":"2019-04-18T22:00:56","slug":"faq","status":"publish","type":"page","link":"https:\/\/senibor.com\/fr\/faq\/","title":{"rendered":"FAQ"},"content":{"rendered":"<div id=\"dslc-content\" class=\"dslc-content dslc-clearfix\"><div id=\"dslc-main\">\r\n\t\t<div  class=\"dslc-modules-section \" style=\"\" data-section-id=\"7412eff6645\">\r\n\t\t\t\t\r\n\t\t\t\t\r\n\t\t\t\t<div class=\"dslc-modules-section-wrapper dslc-clearfix\"><div class=\"dslc-modules-area dslc-col dslc-12-col dslc-last-col\" data-size=\"12\" data-valign=\"\">\r\n\t\t<div id=\"dslc-module-44629a012b3\" class=\"dslc-module-front dslc-module-DSLC_Text_Simple dslc-in-viewport-check dslc-in-viewport-anim-none  dslc-col dslc-12-col dslc-last-col  dslc-module-handle-like-regular \" data-module-id=\"44629a012b3\" data-module=\"DSLC_Text_Simple\" data-dslc-module-size=\"12\" data-dslc-anim=\"none\" data-dslc-anim-delay=\"\" data-dslc-anim-duration=\"650\"  data-dslc-anim-easing=\"ease\" data-dslc-preset=\"none\" >\r\n\r\n\t\t\t\r\n\t\t\t\r\n\t\t\r\n\t\t<div class=\"dslc-text-module-content\">\r\n\t\t\t<h2>Questions \u00e0 poser avant de choisir une agence de recouvrement<\/h2>\t\t<\/div>\r\n\r\n\t\t\r\n\t\t\t\t<\/div><!-- .dslc-module -->\r\n\t\t\r\n\t\t<div id=\"dslc-module-1dbd2d28778\" class=\"dslc-module-front dslc-module-DSLC_Accordion dslc-in-viewport-check dslc-in-viewport-anim-none  dslc-col dslc-12-col dslc-last-col  dslc-module-handle-like-accordion \" data-module-id=\"1dbd2d28778\" data-module=\"DSLC_Accordion\" data-dslc-module-size=\"12\" data-dslc-anim=\"none\" data-dslc-anim-delay=\"\" data-dslc-anim-duration=\"650\"  data-dslc-anim-easing=\"ease\" data-dslc-preset=\"none\" >\r\n\r\n\t\t\t\r\n\t\t\t\r\n\t\t\r\n\t\t\t\t<div class=\"dslc-accordion\" data-open=\"1\">\r\n\r\n\t\t\t\t\t\r\n\t\t\t\t\t\t\r\n\t\t\t\t\t\t\t<div class=\"dslc-accordion-item\" id=\"accordion-0\">\r\n\r\n\t\t\t\t\t\t\t\t<div class=\"dslc-accordion-header dslc-accordion-hook\">\r\n\t\t\t\t\t\t\t\t\t<span class=\"dslc-accordion-title\" >QUELS SONT LES FRAIS? COMBIEN CELA CO\u00dbTERA? <\/span>\r\n\t\t\t\t\t\t\t\t\t\t\t\t\t\t\t\t\t\t\t\t\t\t\t\t\t\t\t\t<div class=\"dslca-accordion-action-hooks\">\r\n\t\t\t\t\t\t\t\t\t\t\t<span class=\"dslca-toggle-accordion-hook\"><span class=\"dslca-icon dslc-icon-minus\"><\/span><\/span>\r\n\t\t\t\t\t\t\t\t\t\t<\/div>\r\n\t\t\t\t\t\t\t\t\t\t\t\t\t\t\t\t\t<\/div>\r\n\r\n\t\t\t\t\t\t\t\t<div class=\"dslc-accordion-content\">\r\n\t\t\t\t\t\t\t\t\t<div class=\"dslca-editable-content\">\r\n\t\t\t\t\t\t\t\t\t\t<p>Veuillez remplir une demande de service ou <a href=\"mailto:info@senibor.com\"> contactez-nous <\/a> pour obtenir un devis. De nombreux facteurs influent sur le co\u00fbt.\u00a0<\/p> \t\t\t\t\t\t\t\t\t<\/div>\r\n\t\t\t\t\t\t\t\t\t\t\t\t\t\t\t\t\t<\/div><!-- .dslc-accordion-content -->\r\n\r\n\t\t\t\t\t\t\t<\/div><!-- .dslc-accordion-item -->\r\n\r\n\t\t\t\t\t\t\r\n\t\t\t\t\t\t\t<div class=\"dslc-accordion-item\" id=\"accordion-1\">\r\n\r\n\t\t\t\t\t\t\t\t<div class=\"dslc-accordion-header dslc-accordion-hook\">\r\n\t\t\t\t\t\t\t\t\t<span class=\"dslc-accordion-title\" > Y A-T-IL UN CONTRAT \u00c0 SIGNER POUR COMMENCER? <\/span>\r\n\t\t\t\t\t\t\t\t\t\t\t\t\t\t\t\t\t\t\t\t\t\t\t\t\t\t\t\t<div class=\"dslca-accordion-action-hooks\">\r\n\t\t\t\t\t\t\t\t\t\t\t<span class=\"dslca-toggle-accordion-hook\"><span class=\"dslca-icon dslc-icon-minus\"><\/span><\/span>\r\n\t\t\t\t\t\t\t\t\t\t<\/div>\r\n\t\t\t\t\t\t\t\t\t\t\t\t\t\t\t\t\t<\/div>\r\n\r\n\t\t\t\t\t\t\t\t<div class=\"dslc-accordion-content\">\r\n\t\t\t\t\t\t\t\t\t<div class=\"dslca-editable-content\">\r\n\t\t\t\t\t\t\t\t\t\t <p>Non, il n'y a pas de contrat \u00e0 signer. Si nous ne collectons pas, vous ne payez pas. Il n'y a aucun frais d'adh\u00e9sion ou d'abonnement \u00e0 payer.<\/p> \t\t\t\t\t\t\t\t\t<\/div>\r\n\t\t\t\t\t\t\t\t\t\t\t\t\t\t\t\t\t<\/div><!-- .dslc-accordion-content -->\r\n\r\n\t\t\t\t\t\t\t<\/div><!-- .dslc-accordion-item -->\r\n\r\n\t\t\t\t\t\t\r\n\t\t\t\t\t\t\t<div class=\"dslc-accordion-item\" id=\"accordion-2\">\r\n\r\n\t\t\t\t\t\t\t\t<div class=\"dslc-accordion-header dslc-accordion-hook\">\r\n\t\t\t\t\t\t\t\t\t<span class=\"dslc-accordion-title\" > AVEC QUEL TYPE DE CLIENT SENIBOR FONCTIONNE-T-IL? <\/span>\r\n\t\t\t\t\t\t\t\t\t\t\t\t\t\t\t\t\t\t\t\t\t\t\t\t\t\t\t\t<div class=\"dslca-accordion-action-hooks\">\r\n\t\t\t\t\t\t\t\t\t\t\t<span class=\"dslca-toggle-accordion-hook\"><span class=\"dslca-icon dslc-icon-minus\"><\/span><\/span>\r\n\t\t\t\t\t\t\t\t\t\t<\/div>\r\n\t\t\t\t\t\t\t\t\t\t\t\t\t\t\t\t\t<\/div>\r\n\r\n\t\t\t\t\t\t\t\t<div class=\"dslc-accordion-content\">\r\n\t\t\t\t\t\t\t\t\t<div class=\"dslca-editable-content\">\r\n\t\t\t\t\t\t\t\t\t\t <p>Senibor offre des services \u00e0 divers clients et industries tels que t\u00e9l\u00e9communications, locatio, soins de sant\u00e9, construction, petites entreprises, manufacturiers, services financiers, propri\u00e9taire-locataire ++<\/p> \t\t\t\t\t\t\t\t\t<\/div>\r\n\t\t\t\t\t\t\t\t\t\t\t\t\t\t\t\t\t<\/div><!-- .dslc-accordion-content -->\r\n\r\n\t\t\t\t\t\t\t<\/div><!-- .dslc-accordion-item -->\r\n\r\n\t\t\t\t\t\t\r\n\t\t\t\t\t\t\t<div class=\"dslc-accordion-item\" id=\"accordion-3\">\r\n\r\n\t\t\t\t\t\t\t\t<div class=\"dslc-accordion-header dslc-accordion-hook\">\r\n\t\t\t\t\t\t\t\t\t<span class=\"dslc-accordion-title\" > COMMENT TRAITEZ-VOUS MES CLIENTS ET LES COMPTES RE\u00c7EVABLES?<\/span>\r\n\t\t\t\t\t\t\t\t\t\t\t\t\t\t\t\t\t\t\t\t\t\t\t\t\t\t\t\t<div class=\"dslca-accordion-action-hooks\">\r\n\t\t\t\t\t\t\t\t\t\t\t<span class=\"dslca-toggle-accordion-hook\"><span class=\"dslca-icon dslc-icon-minus\"><\/span><\/span>\r\n\t\t\t\t\t\t\t\t\t\t<\/div>\r\n\t\t\t\t\t\t\t\t\t\t\t\t\t\t\t\t\t<\/div>\r\n\r\n\t\t\t\t\t\t\t\t<div class=\"dslc-accordion-content\">\r\n\t\t\t\t\t\t\t\t\t<div class=\"dslca-editable-content\">\r\n\t\t\t\t\t\t\t\t\t\t <p>Nos enqu\u00eateurs travaillent enti\u00e8rement selon les normes les plus \u00e9lev\u00e9es et ce, de mani\u00e8re totalement transparente. Nous appliquons des r\u00e8gles strictes pour nous assurer de respecter notre engagement \u00e0 l'\u00e9gard de l'int\u00e9grit\u00e9 et de l'honn\u00eatet\u00e9 ainsi que d'un comportement \u00e9thique et l\u00e9gal. Nous comprenons la r\u00e9putation de votre marque. Nous agissons avec professionnalisme et offrons une qualit\u00e9 exceptionnelle du service \u00e0 la client\u00e8le.<\/p>\t\t\t\t\t\t\t\t\t<\/div>\r\n\t\t\t\t\t\t\t\t\t\t\t\t\t\t\t\t\t<\/div><!-- .dslc-accordion-content -->\r\n\r\n\t\t\t\t\t\t\t<\/div><!-- .dslc-accordion-item -->\r\n\r\n\t\t\t\t\t\t\r\n\t\t\t\t\t\r\n\t\t\t\t\t\r\n\t\t\t\t<\/div><!-- .dslc-accordion -->\r\n\r\n\t\t\r\n\t\t\t\t<\/div><!-- .dslc-module -->\r\n\t\t<\/div><\/div><\/div><\/div><\/div>","protected":false},"excerpt":{"rendered":"<p>Questions \u00e0 poser avant de choisir une agence de recouvrement QUELS SONT LES FRAIS? COMBIEN CELA CO\u00dbTERA? Veuillez remplir une demande de service ou contactez-nous pour obtenir un devis. De nombreux facteurs influent sur le co\u00fbt.\u00a0 Y A-T-IL UN CONTRAT \u00c0 SIGNER POUR COMMENCER? Non, il n&rsquo;y a pas de contrat \u00e0 signer. Si nous [&hellip;]<\/p>\n","protected":false},"author":3,"featured_media":0,"parent":0,"menu_order":0,"comment_status":"closed","ping_status":"closed","template":"","meta":{"footnotes":""},"class_list":["post-516","page","type-page","status-publish","hentry"],"yoast_head":"<!-- This site is optimized with the Yoast SEO plugin v23.1 - https:\/\/yoast.com\/wordpress\/plugins\/seo\/ -->\n<title>FAQ - AGENCE DE RECOUVREMENT<\/title>\n<meta name=\"robots\" content=\"index, follow, max-snippet:-1, max-image-preview:large, max-video-preview:-1\" \/>\n<link rel=\"canonical\" href=\"https:\/\/senibor.com\/faq\/\" \/>\n<meta property=\"og:locale\" content=\"fr_FR\" \/>\n<meta property=\"og:type\" content=\"article\" \/>\n<meta property=\"og:title\" content=\"FAQ - AGENCE DE RECOUVREMENT\" \/>\n<meta property=\"og:description\" content=\"Questions \u00e0 poser avant de choisir une agence de recouvrement QUELS SONT LES FRAIS? COMBIEN CELA CO\u00dbTERA? Veuillez remplir une demande de service ou contactez-nous pour obtenir un devis. De nombreux facteurs influent sur le co\u00fbt.\u00a0 Y A-T-IL UN CONTRAT \u00c0 SIGNER POUR COMMENCER? Non, il n&#039;y a pas de contrat \u00e0 signer. Si nous [&hellip;]\" \/>\n<meta property=\"og:url\" content=\"https:\/\/senibor.com\/faq\/\" \/>\n<meta property=\"og:site_name\" content=\"AGENCE DE RECOUVREMENT\" \/>\n<meta property=\"article:modified_time\" content=\"2019-04-18T22:00:56+00:00\" \/>\n<meta name=\"twitter:card\" content=\"summary_large_image\" \/>\n<script type=\"application\/ld+json\" class=\"yoast-schema-graph\">{\"@context\":\"https:\/\/schema.org\",\"@graph\":[{\"@type\":\"WebPage\",\"@id\":\"https:\/\/senibor.com\/faq\/\",\"url\":\"https:\/\/senibor.com\/faq\/\",\"name\":\"FAQ - AGENCE DE RECOUVREMENT\",\"isPartOf\":{\"@id\":\"https:\/\/senibor.com\/#website\"},\"datePublished\":\"2017-10-12T02:50:55+00:00\",\"dateModified\":\"2019-04-18T22:00:56+00:00\",\"breadcrumb\":{\"@id\":\"https:\/\/senibor.com\/faq\/#breadcrumb\"},\"inLanguage\":\"fr-FR\",\"potentialAction\":[{\"@type\":\"ReadAction\",\"target\":[\"https:\/\/senibor.com\/faq\/\"]}]},{\"@type\":\"BreadcrumbList\",\"@id\":\"https:\/\/senibor.com\/faq\/#breadcrumb\",\"itemListElement\":[{\"@type\":\"ListItem\",\"position\":1,\"name\":\"Home\",\"item\":\"https:\/\/senibor.com\/fr\/\"},{\"@type\":\"ListItem\",\"position\":2,\"name\":\"FAQ\"}]},{\"@type\":\"WebSite\",\"@id\":\"https:\/\/senibor.com\/#website\",\"url\":\"https:\/\/senibor.com\/\",\"name\":\"AGENCE DE RECOUVREMENT\",\"description\":\"Debt Recovery, Background Credit Check, Legal Verification..\",\"publisher\":{\"@id\":\"https:\/\/senibor.com\/#organization\"},\"potentialAction\":[{\"@type\":\"SearchAction\",\"target\":{\"@type\":\"EntryPoint\",\"urlTemplate\":\"https:\/\/senibor.com\/?s={search_term_string}\"},\"query-input\":\"required name=search_term_string\"}],\"inLanguage\":\"fr-FR\"},{\"@type\":\"Organization\",\"@id\":\"https:\/\/senibor.com\/#organization\",\"name\":\"AGENCE DE RECOUVREMENT\",\"url\":\"https:\/\/senibor.com\/\",\"logo\":{\"@type\":\"ImageObject\",\"inLanguage\":\"fr-FR\",\"@id\":\"https:\/\/senibor.com\/#\/schema\/logo\/image\/\",\"url\":\"https:\/\/senibor.com\/wp-content\/uploads\/2017\/10\/cropped-SENIBOR-2-1.png\",\"contentUrl\":\"https:\/\/senibor.com\/wp-content\/uploads\/2017\/10\/cropped-SENIBOR-2-1.png\",\"width\":225,\"height\":75,\"caption\":\"AGENCE DE RECOUVREMENT\"},\"image\":{\"@id\":\"https:\/\/senibor.com\/#\/schema\/logo\/image\/\"}}]}<\/script>\n<!-- \/ Yoast SEO plugin. -->","yoast_head_json":{"title":"FAQ - AGENCE DE RECOUVREMENT","robots":{"index":"index","follow":"follow","max-snippet":"max-snippet:-1","max-image-preview":"max-image-preview:large","max-video-preview":"max-video-preview:-1"},"canonical":"https:\/\/senibor.com\/faq\/","og_locale":"fr_FR","og_type":"article","og_title":"FAQ - AGENCE DE RECOUVREMENT","og_description":"Questions \u00e0 poser avant de choisir une agence de recouvrement QUELS SONT LES FRAIS? COMBIEN CELA CO\u00dbTERA? Veuillez remplir une demande de service ou contactez-nous pour obtenir un devis. De nombreux facteurs influent sur le co\u00fbt.\u00a0 Y A-T-IL UN CONTRAT \u00c0 SIGNER POUR COMMENCER? Non, il n'y a pas de contrat \u00e0 signer. Si nous [&hellip;]","og_url":"https:\/\/senibor.com\/faq\/","og_site_name":"AGENCE DE RECOUVREMENT","article_modified_time":"2019-04-18T22:00:56+00:00","twitter_card":"summary_large_image","schema":{"@context":"https:\/\/schema.org","@graph":[{"@type":"WebPage","@id":"https:\/\/senibor.com\/faq\/","url":"https:\/\/senibor.com\/faq\/","name":"FAQ - AGENCE DE RECOUVREMENT","isPartOf":{"@id":"https:\/\/senibor.com\/#website"},"datePublished":"2017-10-12T02:50:55+00:00","dateModified":"2019-04-18T22:00:56+00:00","breadcrumb":{"@id":"https:\/\/senibor.com\/faq\/#breadcrumb"},"inLanguage":"fr-FR","potentialAction":[{"@type":"ReadAction","target":["https:\/\/senibor.com\/faq\/"]}]},{"@type":"BreadcrumbList","@id":"https:\/\/senibor.com\/faq\/#breadcrumb","itemListElement":[{"@type":"ListItem","position":1,"name":"Home","item":"https:\/\/senibor.com\/fr\/"},{"@type":"ListItem","position":2,"name":"FAQ"}]},{"@type":"WebSite","@id":"https:\/\/senibor.com\/#website","url":"https:\/\/senibor.com\/","name":"AGENCE DE RECOUVREMENT","description":"Debt Recovery, Background Credit Check, Legal Verification..","publisher":{"@id":"https:\/\/senibor.com\/#organization"},"potentialAction":[{"@type":"SearchAction","target":{"@type":"EntryPoint","urlTemplate":"https:\/\/senibor.com\/?s={search_term_string}"},"query-input":"required name=search_term_string"}],"inLanguage":"fr-FR"},{"@type":"Organization","@id":"https:\/\/senibor.com\/#organization","name":"AGENCE DE RECOUVREMENT","url":"https:\/\/senibor.com\/","logo":{"@type":"ImageObject","inLanguage":"fr-FR","@id":"https:\/\/senibor.com\/#\/schema\/logo\/image\/","url":"https:\/\/senibor.com\/wp-content\/uploads\/2017\/10\/cropped-SENIBOR-2-1.png","contentUrl":"https:\/\/senibor.com\/wp-content\/uploads\/2017\/10\/cropped-SENIBOR-2-1.png","width":225,"height":75,"caption":"AGENCE DE RECOUVREMENT"},"image":{"@id":"https:\/\/senibor.com\/#\/schema\/logo\/image\/"}}]}},"_links":{"self":[{"href":"https:\/\/senibor.com\/fr\/wp-json\/wp\/v2\/pages\/516"}],"collection":[{"href":"https:\/\/senibor.com\/fr\/wp-json\/wp\/v2\/pages"}],"about":[{"href":"https:\/\/senibor.com\/fr\/wp-json\/wp\/v2\/types\/page"}],"author":[{"embeddable":true,"href":"https:\/\/senibor.com\/fr\/wp-json\/wp\/v2\/users\/3"}],"replies":[{"embeddable":true,"href":"https:\/\/senibor.com\/fr\/wp-json\/wp\/v2\/comments?post=516"}],"version-history":[{"count":1,"href":"https:\/\/senibor.com\/fr\/wp-json\/wp\/v2\/pages\/516\/revisions"}],"predecessor-version":[{"id":517,"href":"https:\/\/senibor.com\/fr\/wp-json\/wp\/v2\/pages\/516\/revisions\/517"}],"wp:attachment":[{"href":"https:\/\/senibor.com\/fr\/wp-json\/wp\/v2\/media?parent=516"}],"curies":[{"name":"wp","href":"https:\/\/api.w.org\/{rel}","templated":true}]}}