{"id":59,"date":"2017-09-08T20:14:50","date_gmt":"2017-09-08T20:14:50","guid":{"rendered":"https:\/\/senibor.com\/?page_id=59"},"modified":"2017-09-09T23:01:31","modified_gmt":"2017-09-09T23:01:31","slug":"enquete-de-credit","status":"publish","type":"page","link":"https:\/\/senibor.com\/fr\/enquete-de-credit\/","title":{"rendered":"ENQU\u00caTE DE CR\u00c9DIT"},"content":{"rendered":"<div id=\"dslc-content\" class=\"dslc-content dslc-clearfix\"><div id=\"dslc-main\">\r\n\t\t<div  class=\"dslc-modules-section  dslc-full \" style=\"margin-bottom:10px;padding-bottom:0px;padding-top:0px;border-color:rgba(0,0,0,0);\" data-section-id=\"9763713f9c0\">\r\n\t\t\t\t\r\n\t\t\t\t\r\n\t\t\t\t<div class=\"dslc-modules-section-wrapper dslc-clearfix\"><div class=\"dslc-modules-area dslc-col dslc-12-col dslc-last-col\" data-size=\"12\" data-valign=\"\">\r\n\t\t<div id=\"dslc-module-0030058abf8\" class=\"dslc-module-front dslc-module-DSLC_Text_Simple dslc-in-viewport-check dslc-in-viewport-anim-none  dslc-col dslc-12-col dslc-last-col  dslc-module-handle-like-regular \" data-module-id=\"0030058abf8\" data-module=\"DSLC_Text_Simple\" data-dslc-module-size=\"12\" data-dslc-anim=\"none\" data-dslc-anim-delay=\"\" data-dslc-anim-duration=\"650\"  data-dslc-anim-easing=\"ease\" data-dslc-preset=\"none\" >\r\n\r\n\t\t\t\r\n\t\t\t\r\n\t\t\r\n\t\t<div class=\"dslc-text-module-content\">\r\n\t\t\t<h1>Obtenez un rapport d'enqu\u00eate<\/h1>\t\t<\/div>\r\n\r\n\t\t\r\n\t\t\t\t<\/div><!-- .dslc-module -->\r\n\t\t\r\n\t\t<div id=\"dslc-module-2b84df92345\" class=\"dslc-module-front dslc-module-DSLC_Text_Simple dslc-in-viewport-check dslc-in-viewport-anim-none  dslc-col dslc-12-col dslc-last-col  dslc-module-handle-like-regular \" data-module-id=\"2b84df92345\" data-module=\"DSLC_Text_Simple\" data-dslc-module-size=\"12\" data-dslc-anim=\"none\" data-dslc-anim-delay=\"\" data-dslc-anim-duration=\"650\"  data-dslc-anim-easing=\"ease\" data-dslc-preset=\"none\" >\r\n\r\n\t\t\t\r\n\t\t\t\r\n\t\t\r\n\t\t<div class=\"dslc-text-module-content\">\r\n\t\t\t<h2>Vous avez besoin d'\u00e9valuer le cr\u00e9dit d'un futur locataire ? Vous voulez savoir si votre client a une bonne note de cr\u00e9dit ?<\/h2><p>L'Agence de recouvrement Senibor offre des services d'enqu\u00eate de cr\u00e9dit pour \u00e9valuer si votre client est un bon payeur. Nos sp\u00e9cialistes effectuent des recherches et vous constituent un rapport de cr\u00e9dit d\u00e9taill\u00e9.<\/p>\t\t<\/div>\r\n\r\n\t\t\r\n\t\t\t\t<\/div><!-- .dslc-module -->\r\n\t\t<\/div><\/div><\/div>\r\n\t\t<div  class=\"dslc-modules-section \" style=\"padding-bottom:10px;padding-top:10px;background-color:#f9f9f9;\" data-section-id=\"050b94118b9\">\r\n\t\t\t\t\r\n\t\t\t\t\r\n\t\t\t\t<div class=\"dslc-modules-section-wrapper dslc-clearfix\"><div class=\"dslc-modules-area dslc-col dslc-12-col dslc-last-col\" data-size=\"12\" data-valign=\"\">\r\n\t\t<div id=\"dslc-module-45040fbfb82\" class=\"dslc-module-front dslc-module-DSLC_Text_Simple dslc-in-viewport-check dslc-in-viewport-anim-none  dslc-col dslc-12-col dslc-last-col  dslc-module-handle-like-regular \" data-module-id=\"45040fbfb82\" data-module=\"DSLC_Text_Simple\" data-dslc-module-size=\"12\" data-dslc-anim=\"none\" data-dslc-anim-delay=\"\" data-dslc-anim-duration=\"650\"  data-dslc-anim-easing=\"ease\" data-dslc-preset=\"none\" >\r\n\r\n\t\t\t\r\n\t\t\t\r\n\t\t\r\n\t\t<div class=\"dslc-text-module-content\">\r\n\t\t\t<h2>Soyez pr\u00e9ventif et assurez-vous d'avoir des bons payeurs<\/h2><p>\u00c9conomisez votre temps et votre \u00e9nergie. Lib\u00e9rez-vous des d\u00e9biteurs qui vous \u00e9puisent et choisissez des futurs clients qui ont un profil financier et une cote de cr\u00e9dit ad\u00e9quate. Nos sp\u00e9cialistes vous offrent des services de <a href=\"https:\/\/senibor.com\/verification-legale\/\">v\u00e9rification l\u00e9gale<\/a> et\u00a0<a href=\"https:\/\/senibor.com\/enquete-commerciale\/\">d'enqu\u00eate commerciale.<\/a><\/p>\t\t<\/div>\r\n\r\n\t\t\r\n\t\t\t\t<\/div><!-- .dslc-module -->\r\n\t\t<\/div><\/div><\/div>\r\n\t\t<div  class=\"dslc-modules-section  dslc-full  dslc-no-columns-spacing \" style=\"margin-bottom:10px;padding-bottom:10px;padding-top:10px;\" data-section-id=\"e5c34dfd41d\">\r\n\t\t\t\t\r\n\t\t\t\t\r\n\t\t\t\t<div class=\"dslc-modules-section-wrapper dslc-clearfix\"><div class=\"dslc-modules-area dslc-col dslc-12-col dslc-last-col\" data-size=\"12\" data-valign=\"\">\r\n\t\t<div id=\"dslc-module-af0eaabf3a4\" class=\"dslc-module-front dslc-module-DSLC_Separator dslc-in-viewport-check dslc-in-viewport-anim-none  dslc-col dslc-12-col dslc-last-col  dslc-module-handle-like-regular \" data-module-id=\"af0eaabf3a4\" data-module=\"DSLC_Separator\" data-dslc-module-size=\"12\" data-dslc-anim=\"none\" data-dslc-anim-delay=\"0\" data-dslc-anim-duration=\"650\"  data-dslc-anim-easing=\"ease\" data-dslc-preset=\"none\" >\r\n\r\n\t\t\t\r\n\t\t\t\r\n\t\t\t\t\t<div class=\"dslc-separator-wrapper\">\r\n\t\t\t\t<div class=\"dslc-separator dslc-separator-style-invisible\">\r\n\t\t\t\t\t\t\t\t\t<\/div>\r\n\t\t\t\t<div><\/div>\r\n\t\t\t<\/div><!-- .dslc-separator-wrapper -->\r\n\t\t\t\r\n\t\t\t\t<\/div><!-- .dslc-module -->\r\n\t\t\r\n\t\t<div id=\"dslc-module-0899212758d\" class=\"dslc-module-front dslc-module-DSLC_Accordion dslc-in-viewport-check dslc-in-viewport-anim-none  dslc-col dslc-12-col dslc-last-col  dslc-module-handle-like-accordion \" data-module-id=\"0899212758d\" data-module=\"DSLC_Accordion\" data-dslc-module-size=\"12\" data-dslc-anim=\"none\" data-dslc-anim-delay=\"\" data-dslc-anim-duration=\"650\"  data-dslc-anim-easing=\"ease\" data-dslc-preset=\"none\" >\r\n\r\n\t\t\t\r\n\t\t\t\r\n\t\t\r\n\t\t\t\t<div class=\"dslc-accordion\" data-open=\"1\">\r\n\r\n\t\t\t\t\t\r\n\t\t\t\t\t\t\r\n\t\t\t\t\t\t\t<div class=\"dslc-accordion-item\" id=\"accordion-0\">\r\n\r\n\t\t\t\t\t\t\t\t<div class=\"dslc-accordion-header dslc-accordion-hook\">\r\n\t\t\t\t\t\t\t\t\t<span class=\"dslc-accordion-title\" >AUCUN FRAIS D'ADH\u00c9SION            <\/span>\r\n\t\t\t\t\t\t\t\t\t\t\t\t\t\t\t\t\t\t\t\t\t\t\t\t\t\t\t\t<div class=\"dslca-accordion-action-hooks\">\r\n\t\t\t\t\t\t\t\t\t\t\t<span class=\"dslca-toggle-accordion-hook\"><span class=\"dslca-icon dslc-icon-minus\"><\/span><\/span>\r\n\t\t\t\t\t\t\t\t\t\t<\/div>\r\n\t\t\t\t\t\t\t\t\t\t\t\t\t\t\t\t\t<\/div>\r\n\r\n\t\t\t\t\t\t\t\t<div class=\"dslc-accordion-content\">\r\n\t\t\t\t\t\t\t\t\t<div class=\"dslca-editable-content\">\r\n\t\t\t\t\t\t\t\t\t\tRemplissez une nouvelle demande de recouvrement d'un paiement en souffrance et ce, sans frais d'adh\u00e9sion. \n\nD\u00e8s la r\u00e9ception de votre demande, notre \u00e9quipe travaille pour r\u00e9cup\u00e9rer le paiement et effectue le suivi aupr\u00e8s du d\u00e9biteur. \t\t\t\t\t\t\t\t\t<\/div>\r\n\t\t\t\t\t\t\t\t\t\t\t\t\t\t\t\t\t<\/div><!-- .dslc-accordion-content -->\r\n\r\n\t\t\t\t\t\t\t<\/div><!-- .dslc-accordion-item -->\r\n\r\n\t\t\t\t\t\t\r\n\t\t\t\t\t\t\t<div class=\"dslc-accordion-item\" id=\"accordion-1\">\r\n\r\n\t\t\t\t\t\t\t\t<div class=\"dslc-accordion-header dslc-accordion-hook\">\r\n\t\t\t\t\t\t\t\t\t<span class=\"dslc-accordion-title\" >              AUCUN FRAIS CACH\u00c9 <\/span>\r\n\t\t\t\t\t\t\t\t\t\t\t\t\t\t\t\t\t\t\t\t\t\t\t\t\t\t\t\t<div class=\"dslca-accordion-action-hooks\">\r\n\t\t\t\t\t\t\t\t\t\t\t<span class=\"dslca-toggle-accordion-hook\"><span class=\"dslca-icon dslc-icon-minus\"><\/span><\/span>\r\n\t\t\t\t\t\t\t\t\t\t<\/div>\r\n\t\t\t\t\t\t\t\t\t\t\t\t\t\t\t\t\t<\/div>\r\n\r\n\t\t\t\t\t\t\t\t<div class=\"dslc-accordion-content\">\r\n\t\t\t\t\t\t\t\t\t<div class=\"dslca-editable-content\">\r\n\t\t\t\t\t\t\t\t\t\t <p>Notre \u00e9quipe agit en toute transparence et en conformit\u00e9 avec la loi. Nous appliquons une grande rigueur, honn\u00eatet\u00e9 et int\u00e9grit\u00e9 dans le traitement des dossiers.\u00a0<\/p> \t\t\t\t\t\t\t\t\t<\/div>\r\n\t\t\t\t\t\t\t\t\t\t\t\t\t\t\t\t\t<\/div><!-- .dslc-accordion-content -->\r\n\r\n\t\t\t\t\t\t\t<\/div><!-- .dslc-accordion-item -->\r\n\r\n\t\t\t\t\t\t\r\n\t\t\t\t\t\t\t<div class=\"dslc-accordion-item\" id=\"accordion-2\">\r\n\r\n\t\t\t\t\t\t\t\t<div class=\"dslc-accordion-header dslc-accordion-hook\">\r\n\t\t\t\t\t\t\t\t\t<span class=\"dslc-accordion-title\" > EN TOUTE DISCR\u00c9TION<\/span>\r\n\t\t\t\t\t\t\t\t\t\t\t\t\t\t\t\t\t\t\t\t\t\t\t\t\t\t\t\t<div class=\"dslca-accordion-action-hooks\">\r\n\t\t\t\t\t\t\t\t\t\t\t<span class=\"dslca-toggle-accordion-hook\"><span class=\"dslca-icon dslc-icon-minus\"><\/span><\/span>\r\n\t\t\t\t\t\t\t\t\t\t<\/div>\r\n\t\t\t\t\t\t\t\t\t\t\t\t\t\t\t\t\t<\/div>\r\n\r\n\t\t\t\t\t\t\t\t<div class=\"dslc-accordion-content\">\r\n\t\t\t\t\t\t\t\t\t<div class=\"dslca-editable-content\">\r\n\t\t\t\t\t\t\t\t\t\t <p>Nos sp\u00e9cialistes travaillent en toute discr\u00e9tion et respect avec autrui. Nous comprenons que vous d\u00e9sirez agir sans alerter les personnes concern\u00e9es et nous agissons en ce sens.<\/p>\t\t\t\t\t\t\t\t\t<\/div>\r\n\t\t\t\t\t\t\t\t\t\t\t\t\t\t\t\t\t<\/div><!-- .dslc-accordion-content -->\r\n\r\n\t\t\t\t\t\t\t<\/div><!-- .dslc-accordion-item -->\r\n\r\n\t\t\t\t\t\t\r\n\t\t\t\t\t\r\n\t\t\t\t\t\r\n\t\t\t\t<\/div><!-- .dslc-accordion -->\r\n\r\n\t\t\r\n\t\t\t\t<\/div><!-- .dslc-module -->\r\n\t\t\r\n\t\t<div id=\"dslc-module-824ca5bc768\" class=\"dslc-module-front dslc-module-DSLC_Separator dslc-in-viewport-check dslc-in-viewport-anim-none  dslc-col dslc-12-col dslc-last-col  dslc-module-handle-like-regular \" data-module-id=\"824ca5bc768\" data-module=\"DSLC_Separator\" data-dslc-module-size=\"12\" data-dslc-anim=\"none\" data-dslc-anim-delay=\"0\" data-dslc-anim-duration=\"650\"  data-dslc-anim-easing=\"ease\" data-dslc-preset=\"none\" >\r\n\r\n\t\t\t\r\n\t\t\t\r\n\t\t\t\t\t<div class=\"dslc-separator-wrapper\">\r\n\t\t\t\t<div class=\"dslc-separator dslc-separator-style-invisible\">\r\n\t\t\t\t\t\t\t\t\t<\/div>\r\n\t\t\t\t<div><\/div>\r\n\t\t\t<\/div><!-- .dslc-separator-wrapper -->\r\n\t\t\t\r\n\t\t\t\t<\/div><!-- .dslc-module -->\r\n\t\t<\/div><\/div><\/div>\r\n\t\t<div  class=\"dslc-modules-section \" style=\"background-color:#f9f9f9;\" data-section-id=\"03125d15899\">\r\n\t\t\t\t\r\n\t\t\t\t\r\n\t\t\t\t<div class=\"dslc-modules-section-wrapper dslc-clearfix\"><div class=\"dslc-modules-area dslc-col dslc-12-col dslc-last-col\" data-size=\"12\" data-valign=\"\">\r\n\t\t<div id=\"dslc-module-a042074935d\" class=\"dslc-module-front dslc-module-DSLC_Info_Box dslc-in-viewport-check dslc-in-viewport-anim-none  dslc-col dslc-12-col dslc-last-col  dslc-module-handle-like-regular \" data-module-id=\"a042074935d\" data-module=\"DSLC_Info_Box\" data-dslc-module-size=\"12\" data-dslc-anim=\"none\" data-dslc-anim-delay=\"\" data-dslc-anim-duration=\"650\"  data-dslc-anim-easing=\"ease\" data-dslc-preset=\"none\" >\r\n\r\n\t\t\t\r\n\t\t\t\r\n\t\t\r\n\t\t\t<div class=\"dslc-info-box dslc-info-box-icon-pos-above dslc-info-box-image-pos-above\">\r\n\r\n\t\t\t\t<div class=\"dslc-info-box-wrapper\">\r\n\r\n\t\t\t\t\t\r\n\t\t\t\t\t<div class=\"dslc-info-box-main-wrap dslc-clearfix\">\r\n\r\n\t\t\t\t\t\t\t\t\t\t\t\t\t<div class=\"dslc-info-box-image\">\r\n\t\t\t\t\t\t\t\t<div class=\"dslc-info-box-image-inner\">\r\n\t\t\t\t\t\t\t\t\t\t\t\t\t\t\t\t\t\t\t<span class=\"dslc-icon dslc-icon-check\"><\/span>\r\n\t\t\t\t\t\t\t\t\t\t\t\t\t\t\t\t\t\t\t\t\t\t\t\t\t\t<\/div><!-- .dslc-info-box-image-inner -->\r\n\t\t\t\t\t\t\t<\/div><!-- .dslc-info-box-image -->\r\n\t\t\t\t\t\t\r\n\t\t\t\t\t\t\r\n\t\t\t\t\t\t<div class=\"dslc-info-box-main\">\r\n\r\n\t\t\t\t\t\t\t\t\t\t\t\t\t\t\t<div class=\"dslc-info-box-title\">\r\n\t\t\t\t\t\t\t\t\t\t\t\t\t\t\t\t\t\t\t\t\t\t\t\t\t\t\t\t\t\t<h4 >DEMANDE DE SERVICE\u00a0<\/h4>\r\n\t\t\t\t\t\t\t\t\t\t\t\t\t\t\t\t\t\t\t\t\t\t\t\t\t\t\t<\/div><!-- .dslc-info-box-title -->\r\n\t\t\t\t\t\t\t\r\n\t\t\t\t\t\t\t\t\t\t\t\t\t\t\t<div class=\"dslc-info-box-content\">\r\n\t\t\t\t\t\t\t\t\t\t\t\t\t\t\t\t\t\t\t<p>Remplissez une nouvelle demande de service pour le traitement d'une transaction en mauvaise cr\u00e9ance.\u00a0<\/p>\t\t\t\t\t\t\t\t\t\t\t\t\t\t\t\t\t<\/div><!-- .dslc-info-box-content -->\r\n\t\t\t\t\t\t\t\r\n\t\t\t\t\t\t\t\r\n\t\t\t\t\t\t<\/div><!-- .dslc-info-box-main -->\r\n\r\n\t\t\t\t\t<\/div><!-- .dslc-info-box-main-wrap -->\r\n\r\n\t\t\t\t<\/div><!-- .dslc-info-box-wrapper -->\r\n\r\n\t\t\t<\/div><!-- .dslc-info-box -->\r\n\r\n\t\t\r\n\t\t\t\t<\/div><!-- .dslc-module -->\r\n\t\t\r\n\t\t<div id=\"dslc-module-940202f5eb3\" class=\"dslc-module-front dslc-module-DSLC_Shortcode dslc-in-viewport-check dslc-in-viewport-anim-none  dslc-col dslc-12-col dslc-last-col  dslc-module-handle-like-regular \" data-module-id=\"940202f5eb3\" data-module=\"DSLC_Shortcode\" data-dslc-module-size=\"12\" data-dslc-anim=\"none\" data-dslc-anim-delay=\"\" data-dslc-anim-duration=\"650\"  data-dslc-anim-easing=\"ease\" data-dslc-preset=\"none\" >\r\n\r\n\t\t\t\r\n\t\t\t\r\n\t\t\t\t<div class=\"dslc-module-shortcode\">\r\n\t\t\t\n<div class=\"wpcf7 no-js\" id=\"wpcf7-f9-o1\" lang=\"en\" dir=\"ltr\">\n<div class=\"screen-reader-response\"><p role=\"status\" aria-live=\"polite\" aria-atomic=\"true\"><\/p> <ul><\/ul><\/div>\n<form action=\"\/fr\/wp-json\/wp\/v2\/pages\/59#wpcf7-f9-o1\" method=\"post\" class=\"wpcf7-form init\" aria-label=\"Formulaire de contact\" novalidate=\"novalidate\" data-status=\"init\">\n<div style=\"display: none;\">\n<input type=\"hidden\" name=\"_wpcf7\" value=\"9\" \/>\n<input type=\"hidden\" name=\"_wpcf7_version\" value=\"5.9.8\" \/>\n<input type=\"hidden\" name=\"_wpcf7_locale\" value=\"en\" \/>\n<input type=\"hidden\" name=\"_wpcf7_unit_tag\" value=\"wpcf7-f9-o1\" \/>\n<input type=\"hidden\" name=\"_wpcf7_container_post\" value=\"0\" \/>\n<input type=\"hidden\" name=\"_wpcf7_posted_data_hash\" value=\"\" \/>\n<\/div>\n<p><label> NOM<br \/>\n<span class=\"wpcf7-form-control-wrap\" data-name=\"your-name\"><input size=\"40\" maxlength=\"400\" class=\"wpcf7-form-control wpcf7-text wpcf7-validates-as-required\" aria-required=\"true\" aria-invalid=\"false\" value=\"\" type=\"text\" name=\"your-name\" \/><\/span> <\/label>\n<\/p>\n<p><label> EMAIL<br \/>\n<span class=\"wpcf7-form-control-wrap\" data-name=\"your-email\"><input size=\"40\" maxlength=\"400\" class=\"wpcf7-form-control wpcf7-email wpcf7-validates-as-required wpcf7-text wpcf7-validates-as-email\" aria-required=\"true\" aria-invalid=\"false\" value=\"\" type=\"email\" name=\"your-email\" \/><\/span> <\/label>\n<\/p>\n<p><label> SUJET<br \/>\n<span class=\"wpcf7-form-control-wrap\" data-name=\"your-subject\"><input size=\"40\" maxlength=\"400\" class=\"wpcf7-form-control wpcf7-text\" aria-invalid=\"false\" value=\"\" type=\"text\" name=\"your-subject\" \/><\/span> <\/label>\n<\/p>\n<p><label> MESSAGE<br \/>\n<span class=\"wpcf7-form-control-wrap\" data-name=\"your-message\"><textarea cols=\"40\" rows=\"10\" maxlength=\"2000\" class=\"wpcf7-form-control wpcf7-textarea\" aria-invalid=\"false\" name=\"your-message\"><\/textarea><\/span> <\/label>\n<\/p>\n<p><input class=\"wpcf7-form-control wpcf7-submit has-spinner\" type=\"submit\" value=\"ENVOYER\" \/>\n<\/p><div class=\"wpcf7-response-output\" aria-hidden=\"true\"><\/div>\n<\/form>\n<\/div>\n\t\t<\/div>\r\n\t\t\r\n\t\t\t\t<\/div><!-- .dslc-module -->\r\n\t\t<\/div><\/div><\/div><\/div><\/div>","protected":false},"excerpt":{"rendered":"<p>Obtenez un rapport d&rsquo;enqu\u00eate Vous avez besoin d&rsquo;\u00e9valuer le cr\u00e9dit d&rsquo;un futur locataire ? Vous voulez savoir si votre client a une bonne note de cr\u00e9dit ?L&rsquo;Agence de recouvrement Senibor offre des services d&rsquo;enqu\u00eate de cr\u00e9dit pour \u00e9valuer si votre client est un bon payeur. Nos sp\u00e9cialistes effectuent des recherches et vous constituent un rapport [&hellip;]<\/p>\n","protected":false},"author":1,"featured_media":0,"parent":0,"menu_order":0,"comment_status":"closed","ping_status":"closed","template":"","meta":{"footnotes":""},"class_list":["post-59","page","type-page","status-publish","hentry"],"yoast_head":"<!-- This site is optimized with the Yoast SEO plugin v23.1 - https:\/\/yoast.com\/wordpress\/plugins\/seo\/ -->\n<title>ENQU\u00caTE DE CR\u00c9DIT - AGENCE DE RECOUVREMENT<\/title>\n<meta name=\"robots\" content=\"index, follow, max-snippet:-1, max-image-preview:large, max-video-preview:-1\" \/>\n<link rel=\"canonical\" href=\"https:\/\/senibor.com\/credit-verification\/\" \/>\n<meta property=\"og:locale\" content=\"fr_FR\" \/>\n<meta property=\"og:type\" content=\"article\" \/>\n<meta property=\"og:title\" content=\"ENQU\u00caTE DE CR\u00c9DIT - AGENCE DE RECOUVREMENT\" \/>\n<meta property=\"og:description\" content=\"Obtenez un rapport d&#039;enqu\u00eate Vous avez besoin d&#039;\u00e9valuer le cr\u00e9dit d&#039;un futur locataire ? Vous voulez savoir si votre client a une bonne note de cr\u00e9dit ?L&#039;Agence de recouvrement Senibor offre des services d&#039;enqu\u00eate de cr\u00e9dit pour \u00e9valuer si votre client est un bon payeur. Nos sp\u00e9cialistes effectuent des recherches et vous constituent un rapport [&hellip;]\" \/>\n<meta property=\"og:url\" content=\"https:\/\/senibor.com\/credit-verification\/\" \/>\n<meta property=\"og:site_name\" content=\"AGENCE DE RECOUVREMENT\" \/>\n<meta property=\"article:modified_time\" content=\"2017-09-09T23:01:31+00:00\" \/>\n<meta name=\"twitter:card\" content=\"summary_large_image\" \/>\n<script type=\"application\/ld+json\" class=\"yoast-schema-graph\">{\"@context\":\"https:\/\/schema.org\",\"@graph\":[{\"@type\":\"WebPage\",\"@id\":\"https:\/\/senibor.com\/credit-verification\/\",\"url\":\"https:\/\/senibor.com\/credit-verification\/\",\"name\":\"ENQU\u00caTE DE CR\u00c9DIT - AGENCE DE RECOUVREMENT\",\"isPartOf\":{\"@id\":\"https:\/\/senibor.com\/#website\"},\"datePublished\":\"2017-09-08T20:14:50+00:00\",\"dateModified\":\"2017-09-09T23:01:31+00:00\",\"breadcrumb\":{\"@id\":\"https:\/\/senibor.com\/credit-verification\/#breadcrumb\"},\"inLanguage\":\"fr-FR\",\"potentialAction\":[{\"@type\":\"ReadAction\",\"target\":[\"https:\/\/senibor.com\/credit-verification\/\"]}]},{\"@type\":\"BreadcrumbList\",\"@id\":\"https:\/\/senibor.com\/credit-verification\/#breadcrumb\",\"itemListElement\":[{\"@type\":\"ListItem\",\"position\":1,\"name\":\"Home\",\"item\":\"https:\/\/senibor.com\/fr\/\"},{\"@type\":\"ListItem\",\"position\":2,\"name\":\"ENQU\u00caTE DE CR\u00c9DIT\"}]},{\"@type\":\"WebSite\",\"@id\":\"https:\/\/senibor.com\/#website\",\"url\":\"https:\/\/senibor.com\/\",\"name\":\"AGENCE DE RECOUVREMENT\",\"description\":\"Debt Recovery, Background Credit Check, Legal Verification..\",\"publisher\":{\"@id\":\"https:\/\/senibor.com\/#organization\"},\"potentialAction\":[{\"@type\":\"SearchAction\",\"target\":{\"@type\":\"EntryPoint\",\"urlTemplate\":\"https:\/\/senibor.com\/?s={search_term_string}\"},\"query-input\":\"required name=search_term_string\"}],\"inLanguage\":\"fr-FR\"},{\"@type\":\"Organization\",\"@id\":\"https:\/\/senibor.com\/#organization\",\"name\":\"AGENCE DE RECOUVREMENT\",\"url\":\"https:\/\/senibor.com\/\",\"logo\":{\"@type\":\"ImageObject\",\"inLanguage\":\"fr-FR\",\"@id\":\"https:\/\/senibor.com\/#\/schema\/logo\/image\/\",\"url\":\"https:\/\/senibor.com\/wp-content\/uploads\/2017\/10\/cropped-SENIBOR-2-1.png\",\"contentUrl\":\"https:\/\/senibor.com\/wp-content\/uploads\/2017\/10\/cropped-SENIBOR-2-1.png\",\"width\":225,\"height\":75,\"caption\":\"AGENCE DE RECOUVREMENT\"},\"image\":{\"@id\":\"https:\/\/senibor.com\/#\/schema\/logo\/image\/\"}}]}<\/script>\n<!-- \/ Yoast SEO plugin. -->","yoast_head_json":{"title":"ENQU\u00caTE DE CR\u00c9DIT - AGENCE DE RECOUVREMENT","robots":{"index":"index","follow":"follow","max-snippet":"max-snippet:-1","max-image-preview":"max-image-preview:large","max-video-preview":"max-video-preview:-1"},"canonical":"https:\/\/senibor.com\/credit-verification\/","og_locale":"fr_FR","og_type":"article","og_title":"ENQU\u00caTE DE CR\u00c9DIT - AGENCE DE RECOUVREMENT","og_description":"Obtenez un rapport d'enqu\u00eate Vous avez besoin d'\u00e9valuer le cr\u00e9dit d'un futur locataire ? Vous voulez savoir si votre client a une bonne note de cr\u00e9dit ?L'Agence de recouvrement Senibor offre des services d'enqu\u00eate de cr\u00e9dit pour \u00e9valuer si votre client est un bon payeur. Nos sp\u00e9cialistes effectuent des recherches et vous constituent un rapport [&hellip;]","og_url":"https:\/\/senibor.com\/credit-verification\/","og_site_name":"AGENCE DE RECOUVREMENT","article_modified_time":"2017-09-09T23:01:31+00:00","twitter_card":"summary_large_image","schema":{"@context":"https:\/\/schema.org","@graph":[{"@type":"WebPage","@id":"https:\/\/senibor.com\/credit-verification\/","url":"https:\/\/senibor.com\/credit-verification\/","name":"ENQU\u00caTE DE CR\u00c9DIT - AGENCE DE RECOUVREMENT","isPartOf":{"@id":"https:\/\/senibor.com\/#website"},"datePublished":"2017-09-08T20:14:50+00:00","dateModified":"2017-09-09T23:01:31+00:00","breadcrumb":{"@id":"https:\/\/senibor.com\/credit-verification\/#breadcrumb"},"inLanguage":"fr-FR","potentialAction":[{"@type":"ReadAction","target":["https:\/\/senibor.com\/credit-verification\/"]}]},{"@type":"BreadcrumbList","@id":"https:\/\/senibor.com\/credit-verification\/#breadcrumb","itemListElement":[{"@type":"ListItem","position":1,"name":"Home","item":"https:\/\/senibor.com\/fr\/"},{"@type":"ListItem","position":2,"name":"ENQU\u00caTE DE CR\u00c9DIT"}]},{"@type":"WebSite","@id":"https:\/\/senibor.com\/#website","url":"https:\/\/senibor.com\/","name":"AGENCE DE RECOUVREMENT","description":"Debt Recovery, Background Credit Check, Legal Verification..","publisher":{"@id":"https:\/\/senibor.com\/#organization"},"potentialAction":[{"@type":"SearchAction","target":{"@type":"EntryPoint","urlTemplate":"https:\/\/senibor.com\/?s={search_term_string}"},"query-input":"required name=search_term_string"}],"inLanguage":"fr-FR"},{"@type":"Organization","@id":"https:\/\/senibor.com\/#organization","name":"AGENCE DE RECOUVREMENT","url":"https:\/\/senibor.com\/","logo":{"@type":"ImageObject","inLanguage":"fr-FR","@id":"https:\/\/senibor.com\/#\/schema\/logo\/image\/","url":"https:\/\/senibor.com\/wp-content\/uploads\/2017\/10\/cropped-SENIBOR-2-1.png","contentUrl":"https:\/\/senibor.com\/wp-content\/uploads\/2017\/10\/cropped-SENIBOR-2-1.png","width":225,"height":75,"caption":"AGENCE DE RECOUVREMENT"},"image":{"@id":"https:\/\/senibor.com\/#\/schema\/logo\/image\/"}}]}},"_links":{"self":[{"href":"https:\/\/senibor.com\/fr\/wp-json\/wp\/v2\/pages\/59"}],"collection":[{"href":"https:\/\/senibor.com\/fr\/wp-json\/wp\/v2\/pages"}],"about":[{"href":"https:\/\/senibor.com\/fr\/wp-json\/wp\/v2\/types\/page"}],"author":[{"embeddable":true,"href":"https:\/\/senibor.com\/fr\/wp-json\/wp\/v2\/users\/1"}],"replies":[{"embeddable":true,"href":"https:\/\/senibor.com\/fr\/wp-json\/wp\/v2\/comments?post=59"}],"version-history":[{"count":2,"href":"https:\/\/senibor.com\/fr\/wp-json\/wp\/v2\/pages\/59\/revisions"}],"predecessor-version":[{"id":210,"href":"https:\/\/senibor.com\/fr\/wp-json\/wp\/v2\/pages\/59\/revisions\/210"}],"wp:attachment":[{"href":"https:\/\/senibor.com\/fr\/wp-json\/wp\/v2\/media?parent=59"}],"curies":[{"name":"wp","href":"https:\/\/api.w.org\/{rel}","templated":true}]}}